{"id":1029,"date":"2019-08-26T10:29:13","date_gmt":"2019-08-26T10:29:13","guid":{"rendered":"http:\/\/cltdogadacsie.pl\/?page_id=1029"},"modified":"2025-12-31T10:18:45","modified_gmt":"2025-12-31T08:18:45","slug":"elektrostymulacja","status":"publish","type":"page","link":"https:\/\/cltdogadacsie.pl\/?page_id=1029","title":{"rendered":"Elektrostymulacja"},"content":{"rendered":"<p style=\"text-align: justify;\">Elektrostymulacja to zabieg z zakresu elektroterapii, stosowany m.in. u os\u00f3b, kt\u00f3re przesz\u0142y zabieg operacyjny w obr\u0119bie jamy ustnej (w szczeg\u00f3lno\u015bci u dzieci po operacji rozszczepu podniebienia) oraz jako uzupe\u0142nienie leczenia logopedycznego lub ortodontycznego. Zabieg jest bezbolesny, a w zale\u017cno\u015bci od stanu wra\u017cliwo\u015bci sk\u00f3rnej, pacjent mo\u017ce odczuwa\u0107 lekkie mrowienie. Do elektrostymulacji wykorzystuje si\u0119 wysokospecjalistyczny sprz\u0119t medyczny.\u00a0<\/p>\n<p><img loading=\"lazy\" decoding=\"async\" class=\"size-medium wp-image-1045\" src=\"https:\/\/cltdogadacsie.pl\/wp-content\/uploads\/2019\/08\/IMG_20190826_120003-300x225.jpg\" sizes=\"auto, (max-width: 300px) 100vw, 300px\" srcset=\"https:\/\/cltdogadacsie.pl\/wp-content\/uploads\/2019\/08\/IMG_20190826_120003-300x225.jpg 300w, https:\/\/cltdogadacsie.pl\/wp-content\/uploads\/2019\/08\/IMG_20190826_120003-768x576.jpg 768w, https:\/\/cltdogadacsie.pl\/wp-content\/uploads\/2019\/08\/IMG_20190826_120003-1024x768.jpg 1024w\" alt=\"\" width=\"300\" height=\"225\" \/><\/p>\n<p><strong>Efekty elektrostymulacji wykorzystywanej w terapii logopedycznej:<\/strong><\/p>\n<ul>\n<li>poprawa pracy mi\u0119\u015bni i sprawno\u015bci artykulacyjnej<\/li>\n<li>wzrost pobudzenia i elastyczno\u015bci tkanek<\/li>\n<li>zmniejszenie obrz\u0119k\u00f3w pooperacyjnych i przyspieszenie gojenia<\/li>\n<li>poprawa ukrwienia okolicy operowanej<\/li>\n<li>dzia\u0142anie przeciwb\u00f3lowe<\/li>\n<li>dzia\u0142anie przeciwzapalne<\/li>\n<li>zapobieganie powstawania bliznowc\u00f3w<\/li>\n<\/ul>\n<p><strong>Wskazania<\/strong><\/p>\n<p>wspomaganie terapii logopedycznej\/neurologopedycznej w przypadku (m.in.):<\/p>\n<ul>\n<li>obni\u017conego napi\u0119cia mi\u0119\u015bniowego w obr\u0119bie aparatu artykulacyjnego<\/li>\n<li>stanu po operacji rozszczepu warg i podniebienia,<\/li>\n<li>op\u00f3\u017anionego rozwoju mowy<\/li>\n<li>dyslalii obwodowej<\/li>\n<li>mowa nosowej (rynolalia)<\/li>\n<li>afazji<\/li>\n<li>dyzartrii<\/li>\n<li>problemy z po\u0142ykaniem pokarm\u00f3w<\/li>\n<li>krztuszenia podczas jedzenia i picia<\/li>\n<li>stanu po adenotomii (usuni\u0119ciu migda\u0142a gard\u0142owego)<\/li>\n<\/ul>\n<p><strong>Przeciwskazaniem mog\u0105 by\u0107:<\/strong><\/p>\n<ul>\n<li>choroby neurologiczne (padaczka)<\/li>\n<li>choroby kardiologiczne<\/li>\n<li>aparaty ortodontyczne okre\u015blonego typu<\/li>\n<li>implanty s\u0142uchowe<\/li>\n<li>zaka\u017cenia bakteryjne<\/li>\n<li>choroby\/uszkodzenia sk\u00f3rne w miejscu aplikacji<\/li>\n<li>nowotwory<\/li>\n<\/ul>\n<table style=\"height: 1169px; width: 60.2421%;\" width=\"462\">\n<tbody>\n<tr style=\"background-color: #f0ea3a;\">\n<td style=\"width: 77.0315%; height: 64px;\" colspan=\"4\">\n<p style=\"text-align: center;\"><span style=\"font-size: 14px;\"><strong>PONI\u017bSZY CENNIK OBOWI\u0104ZUJE OD DNIA 1 STYCZNIA 2026 R.<\/strong><\/span><\/p>\n<\/td>\n<\/tr>\n<tr style=\"height: 10px; background-color: #45d927;\">\n<td style=\"width: 23.7313%; height: 10px;\">\n<p><span style=\"font-size: 14px;\"><strong>ZAJ\u0118CIA INDYWIDUALNE <\/strong><\/span><\/p>\n<\/td>\n<td style=\"width: 37.6494%; height: 10px;\">\n<p><span style=\"font-size: 14px;\"><strong>OPIS <\/strong><\/span><\/p>\n<\/td>\n<td style=\"width: 9.54696%; height: 10px;\">\n<p><span style=\"font-size: 14px;\"><strong>CENA <\/strong><\/span><\/p>\n<\/td>\n<td style=\"width: 6.1038%; height: 10px;\">\n<p><span style=\"font-size: 14px;\"><strong>TERMINY<\/strong><\/span><\/p>\n<\/td>\n<\/tr>\n<tr style=\"height: 201px;\">\n<td style=\"width: 23.7313%; height: 10px;\"><strong>elektrostymulacja w logopedii<\/strong><\/td>\n<td style=\"width: 37.6494%; height: 10px;\">\n<p><strong>KONSULTACJA<\/strong><\/p>\n<p>do 60 min<\/p>\n<p><strong><span style=\"color: #ff0000;\">JEDNYM Z WARUNK\u00d3W <\/span><\/strong><strong><span style=\"color: #ff0000;\">KWALIFIKACJI DO ZABIEGU ELEKTROSTYMULACJI JEST PRZED\u0141O\u017bENIE ZA\u015aWIADCZENIA\u00a0 \u00a0 \u00a0 \u00a0 \u00a0 \u00a0 <\/span><\/strong><strong><span style=\"color: #ff0000;\">OD NEUROLOGA O BRAKU PRZECIWSKAZA\u0143 DO WYKONANIA ZABIEGU<\/span><\/strong><\/p>\n<\/td>\n<td style=\"width: 9.54696%; height: 10px;\">\n<p>220 z\u0142<\/p>\n<p>&nbsp;<\/p>\n<\/td>\n<td style=\"width: 6.1038%; height: 10px;\">ustalany indywidualnie<\/td>\n<\/tr>\n<tr style=\"height: 160px;\">\n<td style=\"width: 23.7313%; height: 10px;\">\n<p><strong>elektrostymulacja w logopedii<\/strong><\/p>\n<p><strong>MULTITRONIC MT3, ECO STIM<\/strong><\/p>\n<\/td>\n<td style=\"width: 37.6494%; height: 10px;\">\n<p>PAKIET<\/p>\n<p>10 spotka\u0144 do 60 minut ka\u017cde<\/p>\n<p>5 dni \/przerwa 2 dni\/5 dni<\/p>\n<\/td>\n<td style=\"width: 9.54696%; height: 10px;\">\n<p>koszt 1700 z\u0142\/sesja\/osoba* (obowi\u0105zuje zadatek w wysoko\u015bci 500 z\u0142)<\/p>\n<\/td>\n<td style=\"width: 6.1038%; height: 10px;\">\u00a0zgodnie z grafikiem sesji<\/td>\n<\/tr>\n<tr style=\"height: 328px;\">\n<td style=\"width: 23.7313%; height: 148px;\">\n<p><strong>elektrostymulacja w logopedii<\/strong><\/p>\n<p><strong>VITAL STIM\u00a0<\/strong><\/p>\n<\/td>\n<td style=\"width: 37.6494%; height: 148px;\">\n<p>PAKIET<\/p>\n<p>5 spotka\u0144 do 60 minut (codziennie, 5 dni pod rz\u0105d)<\/p>\n<\/td>\n<td style=\"width: 9.54696%; height: 148px;\">\n<p>&nbsp;<\/p>\n<p>koszt 1600 z\u0142\/sesja\/osoba*<\/p>\n<p>(obowi\u0105zuje zadatek w wysoko\u015bci 500 z\u0142)<\/p>\n<\/td>\n<td style=\"width: 6.1038%; height: 148px;\">\n<p>zgodnie z grafikiem sesji<\/p>\n<\/td>\n<\/tr>\n<tr style=\"height: 232px;\">\n<td style=\"width: 23.7313%; height: 243px;\">\n<p><strong>elektrostymulacja w logopedii<\/strong><\/p>\n<p><strong>VITAL STIM\u00a0<\/strong><\/p>\n<\/td>\n<td style=\"width: 37.6494%; height: 243px;\">\n<p>Sesja 10 spotka\u0144 do 60 minut ka\u017cde<\/p>\n<p>(5 dni\/przerwa 2 dni\/5 dni)<\/p>\n<p>urz\u0105dzenie VITAL STIM (dodatkowo MULTITRONIC MT3)<\/p>\n<\/td>\n<td style=\"width: 9.54696%; height: 243px;\">\n<p>koszt 2900\u00a0 z\u0142\/sesja\/osoba* (obowi\u0105zuje zadatek w wysoko\u015bci 600 z\u0142)<\/p>\n<\/td>\n<td style=\"width: 6.1038%; height: 243px;\">zgodnie z grafikiem sesji<\/td>\n<\/tr>\n<tr style=\"height: 173px;\">\n<td style=\"width: 23.7313%; height: 168px;\">\u00a0<\/td>\n<td style=\"width: 37.6494%; height: 168px;\">\u00a0<\/td>\n<td style=\"width: 15.6508%; height: 168px;\" colspan=\"2\">\n<p>*Cena obejmuje r\u00f3wnie\u017c aplikacje ta\u015bmami k-active, cena nie obejmuje innych wskazanych akcesori\u00f3w dobieranych indywidualnie typu wibratory i dedykowane ko\u0144c\u00f3wki, masa\u017cery, stymulatory itp.<\/p>\n<\/td>\n<\/tr>\n<tr style=\"height: 904px;\">\n<td style=\"width: 77.0315%; height: 10px; background-color: #f0bcf5;\" colspan=\"4\">\n<p><strong>TERMINY SESJI ELEKTROSTYMULACJI:<\/strong><\/p>\n<p style=\"text-align: justify;\">Termin sesji ustalany jest indywidualnie. Sesje realizowane s\u0105 w godzinach przedpo\u0142udniowych.\u00a0<\/p>\n<p style=\"text-align: justify;\">Udzia\u0142 w sesji poprzedzony jest konsultacj\u0105 kwalifikuj\u0105c\u0105 (zgodnie z cennikiem), podczas kt\u00f3rej nale\u017cy przed\u0142o\u017cy\u0107 za\u015bwiadczenie od neurologa (lub lekarza prowadz\u0105cego np. kardiologa) o braku przeciwskaza\u0144 do zabiegu. W przypadku wyst\u0119puj\u0105cych zaburze\u0144 po\u0142ykania wskazane b\u0119dzie r\u00f3wnie\u017c wykonanie badania VFSS (wideofluoroskopowa ocena aktu po\u0142ykania i\/lub FEES (fiberoskopowa ocena zaburze\u0144 po\u0142ykania).<\/p>\n<\/td>\n<\/tr>\n<tr style=\"height: 64px;\">\n<td style=\"width: 23.7313%; height: 10px;\">\n<p><strong>ZAJ\u0118CIA <\/strong><strong>NEUROLOGOPEDYCZNE Z ELEKTROSTYMULACJ\u0104<\/strong><\/p>\n<\/td>\n<td style=\"width: 37.6494%; height: 10px;\">\n<p>do 60 minut\u00a0 MULTITRONIC MT3, ECO STIM<\/p>\n<p>&nbsp;<\/p>\n<p>do 60 minut\u00a0 VITALSTIM<\/p>\n<\/td>\n<td style=\"width: 9.54696%; height: 10px;\">\n<p>&nbsp;<\/p>\n<p>200 z\u0142 *<\/p>\n<p>&nbsp;<\/p>\n<p>290 z\u0142 *<\/p>\n<p>&nbsp;<\/p>\n<\/td>\n<td style=\"width: 6.1038%; height: 10px;\">ustalany indywidualnie<\/td>\n<\/tr>\n<tr style=\"height: 144px;\">\n<td style=\"width: 23.7313%; height: 144px;\">\n<p><strong>\u00a0<\/strong><\/p>\n<\/td>\n<td style=\"width: 37.6494%; height: 144px;\">\n<p>&nbsp;<\/p>\n<\/td>\n<td style=\"width: 15.6508%; height: 144px;\" colspan=\"2\">*Cena obejmuje r\u00f3wnie\u017c\u00a0 aplikacje ta\u015bmami k-active, cena nie obejmuje innych wskazanych akcesori\u00f3w dobieranych indywidualnie typu wibratory i dedykowane ko\u0144c\u00f3wki, masa\u017cery, stymulatory itp.<\/td>\n<\/tr>\n<tr style=\"height: 160px;\">\n<td style=\"width: 23.7313%; height: 160px;\">\n<p><strong>TURNUS\u00a0 <\/strong><strong>NEUROLOGOPEDYCZNY Z ELEKTROSTYMULACJ\u0104<\/strong><\/p>\n<p>(minimum 5 dni)<\/p>\n<\/td>\n<td style=\"width: 37.6494%; height: 160px;\">ustalany indywidualnie\u00a0<\/td>\n<td style=\"width: 9.54696%; height: 160px;\">\n<p>cena uzale\u017cniona od ilo\u015bci godzin i rodzaju terapii\u00a0<\/p>\n<\/td>\n<td style=\"width: 6.1038%; height: 160px;\">ustalany zgodnie z grafikiem<\/td>\n<\/tr>\n<tr style=\"height: 96px;\">\n<td style=\"width: 23.7313%; height: 96px;\"><strong>PISEMNE ZA\u015aWIADCZENIE O UDZIALE W SESJI\/TERAPII<\/strong><\/td>\n<td style=\"width: 37.6494%; height: 96px;\">\n<p><strong>\u00a0<\/strong><\/p>\n<\/td>\n<td style=\"width: 9.54696%; height: 96px;\">\n<p>50 z\u0142<\/p>\n<\/td>\n<td style=\"width: 6.1038%; height: 96px;\">w ci\u0105gu 7 dni od daty z\u0142o\u017cenia wniosku<\/td>\n<\/tr>\n<tr style=\"height: 96px;\">\n<td style=\"width: 23.7313%; height: 96px;\"><strong>PISEMNA OPINIA NEUROLOGOPEDYCZNA UWZGL\u0118DNIAJ\u0104CA OPIS PRZEBIEGU SESJI\/TERAPII ELEKTROSTYMULACJI\u00a0<\/strong><\/td>\n<td style=\"width: 37.6494%; height: 96px;\">\n<p><strong>\u00a0<\/strong><\/p>\n<\/td>\n<td style=\"width: 9.54696%; height: 96px;\">\n<p>200 Z\u0141<\/p>\n<\/td>\n<td style=\"width: 6.1038%; height: 96px;\">w ci\u0105gu 14 dni od daty z\u0142o\u017cenia wniosku<\/td>\n<\/tr>\n<\/tbody>\n<\/table>\n<p style=\"text-align: justify;\">Istnieje mo\u017cliwo\u015b\u0107 dojazdu do pacjenta do miejsca zamieszkania (okolice miejscowo\u015bci Budy-Grzybek, Grodzisk Mazowiecki, Jaktor\u00f3w, \u017byrard\u00f3w \u2013 obowi\u0105zuje dodatkowa op\u0142ata za dojazd)<\/p>\n<p style=\"text-align: justify;\">Istnieje mo\u017cliwo\u015b\u0107 organizowania sesji elektrostymulacji w gabinetach logopedycznych na terenie plac\u00f3wek o\u015bwiatowych i prywatnych \u2013 warunki ustalane indywidualnie.<\/p>\n<p>&nbsp;<\/p>\n<p>aktualizacja: 01.01.26<\/p>\n","protected":false},"excerpt":{"rendered":"<p>Elektrostymulacja to zabieg z zakresu elektroterapii, stosowany m.in. u os\u00f3b, kt\u00f3re przesz\u0142y zabieg operacyjny w obr\u0119bie jamy ustnej (w szczeg\u00f3lno\u015bci u dzieci po operacji rozszczepu podniebienia) oraz jako uzupe\u0142nienie leczenia logopedycznego lub ortodontycznego. Zabieg jest bezbolesny, a w zale\u017cno\u015bci od &hellip; <a href=\"https:\/\/cltdogadacsie.pl\/?page_id=1029\">Czytaj dalej <span class=\"meta-nav\">&rarr;<\/span><\/a><\/p>\n","protected":false},"author":2,"featured_media":0,"parent":0,"menu_order":0,"comment_status":"closed","ping_status":"closed","template":"","meta":{"sfsi_plus_gutenberg_text_before_share":"","sfsi_plus_gutenberg_show_text_before_share":"","sfsi_plus_gutenberg_icon_type":"","sfsi_plus_gutenberg_icon_alignemt":"","sfsi_plus_gutenburg_max_per_row":"","footnotes":""},"class_list":["post-1029","page","type-page","status-publish","hentry"],"_links":{"self":[{"href":"https:\/\/cltdogadacsie.pl\/index.php?rest_route=\/wp\/v2\/pages\/1029","targetHints":{"allow":["GET"]}}],"collection":[{"href":"https:\/\/cltdogadacsie.pl\/index.php?rest_route=\/wp\/v2\/pages"}],"about":[{"href":"https:\/\/cltdogadacsie.pl\/index.php?rest_route=\/wp\/v2\/types\/page"}],"author":[{"embeddable":true,"href":"https:\/\/cltdogadacsie.pl\/index.php?rest_route=\/wp\/v2\/users\/2"}],"replies":[{"embeddable":true,"href":"https:\/\/cltdogadacsie.pl\/index.php?rest_route=%2Fwp%2Fv2%2Fcomments&post=1029"}],"version-history":[{"count":50,"href":"https:\/\/cltdogadacsie.pl\/index.php?rest_route=\/wp\/v2\/pages\/1029\/revisions"}],"predecessor-version":[{"id":2890,"href":"https:\/\/cltdogadacsie.pl\/index.php?rest_route=\/wp\/v2\/pages\/1029\/revisions\/2890"}],"wp:attachment":[{"href":"https:\/\/cltdogadacsie.pl\/index.php?rest_route=%2Fwp%2Fv2%2Fmedia&parent=1029"}],"curies":[{"name":"wp","href":"https:\/\/api.w.org\/{rel}","templated":true}]}}