{"id":1132,"date":"2019-11-25T10:08:13","date_gmt":"2019-11-25T10:08:13","guid":{"rendered":"http:\/\/cltdogadacsie.pl\/?page_id=1132"},"modified":"2025-12-31T08:28:04","modified_gmt":"2025-12-31T06:28:04","slug":"kinesiotaping-w-logopedii-2","status":"publish","type":"page","link":"https:\/\/cltdogadacsie.pl\/?page_id=1132","title":{"rendered":"Kinesiotaping w logopedii"},"content":{"rendered":"<h1 class=\"entry-title\" style=\"text-align: justify;\"><span style=\"font-size: 16px; text-align: justify;\">Kinesiotaping stosowany jest w terapii logopedycznej u os\u00f3b z zaburzeniami motorycznymi w obr\u0119bie jamy ustnej (u dzieci i doros\u0142ych). Dotyczy to m.in.\u00a0 przypadku obni\u017conego napi\u0119cia mi\u0119\u015bnia okr\u0119\u017cnego ust, mi\u0119\u015bni \u017cuchwy, mi\u0119\u015bni policzkowych. Aplikacja plastr\u00f3w ma na celu wzmocnienie mi\u0119\u015bni oraz przywr\u00f3cenie prawid\u0142owych fizjologicznych czynno\u015bci takich jak: oddychanie nosem, prawid\u0142owa pozycja spoczynkowa j\u0119zyka, dojrza\u0142e po\u0142ykanie.\u00a0 \u00a0 \u00a0 \u00a0 \u00a0 \u00a0 \u00a0 \u00a0 \u00a0 \u00a0 \u00a0 \u00a0 \u00a0 \u00a0<img loading=\"lazy\" decoding=\"async\" class=\"wp-image-2842 aligncenter\" src=\"https:\/\/cltdogadacsie.pl\/wp-content\/uploads\/2025\/12\/dd-300x127.jpg\" alt=\"\" width=\"390\" height=\"165\" srcset=\"https:\/\/cltdogadacsie.pl\/wp-content\/uploads\/2025\/12\/dd-300x127.jpg 300w, https:\/\/cltdogadacsie.pl\/wp-content\/uploads\/2025\/12\/dd-768x325.jpg 768w, https:\/\/cltdogadacsie.pl\/wp-content\/uploads\/2025\/12\/dd.jpg 949w\" sizes=\"auto, (max-width: 390px) 100vw, 390px\" \/><\/span><\/h1>\n<div class=\"entry-content\">\n<p>Kinesiotaping stosowany jest w przypadku diagnozy (m.in.):\u00a0<\/p>\n<ul>\n<li>obni\u017conego napi\u0119cie mi\u0119\u015bni w obszarze ustno-twarzowym<\/li>\n<li>przetrwa\u0142ego po\u0142ykania tzw. infantylnego<\/li>\n<li>nawykowego oddychania ustami<\/li>\n<li>dysfonii<\/li>\n<li>dysfagii<\/li>\n<li>dyzartrii<\/li>\n<li>pora\u017cenia nerwu twarzowego<\/li>\n<li>zaburzenia funkcjonowania stawu skroniowo-\u017cuchwowego.<\/li>\n<\/ul>\n<p>(na podstawie materia\u0142\u00f3w szkoleniowych I. Ha\u0142as)<\/p>\n<table style=\"width: 100%;\">\n<tbody>\n<tr style=\"background-color: #eef736;\">\n<td style=\"width: 119.324%;\" colspan=\"4\">\n<p style=\"text-align: center;\"><strong>\u00a0<\/strong><strong style=\"font-size: 14px;\">PONI\u017bSZY CENNIK OBOWI\u0104ZUJE OD DNIA 1 STYCZNIA 2026 R. <\/strong>\u00a0<\/p>\n<\/td>\n<\/tr>\n<tr>\n<td style=\"width: 28.4376%;\" rowspan=\"3\" width=\"237\">\n<p><strong>kinesiotaping w logopedii i neurologopedii\u00a0<\/strong><\/p>\n<\/td>\n<td style=\"width: 31.172%;\" width=\"220\">\n<p><strong>konsultacja\u00a0<\/strong><\/p>\n<\/td>\n<td style=\"width: 21.1329%;\" width=\"251\">\n<p>do 60 minut<\/p>\n<\/td>\n<td style=\"width: 38.5819%;\" width=\"132\">\n<p>210 z\u0142<\/p>\n<\/td>\n<\/tr>\n<tr>\n<td style=\"width: 31.172%;\">\n<p><strong>diagnoza z opisem<\/strong><\/p>\n<\/td>\n<td style=\"width: 21.1329%;\">\n<p>do 60 minut<\/p>\n<\/td>\n<td style=\"width: 38.5819%;\">\n<p>250 z\u0142<\/p>\n<\/td>\n<\/tr>\n<tr>\n<td style=\"width: 31.172%;\" width=\"220\">\n<p><strong>sesja <\/strong><\/p>\n<\/td>\n<td style=\"width: 21.1329%;\" width=\"251\">\n<p>do 60 minut<\/p>\n<\/td>\n<td style=\"width: 38.5819%;\" width=\"132\">\n<p>\u00a0od 150 z\u0142<\/p>\n<\/td>\n<\/tr>\n<\/tbody>\n<\/table>\n<\/div>\n<p>Aktualizacja: 01.01.26 r.\u00a0<\/p>\n","protected":false},"excerpt":{"rendered":"<p>Kinesiotaping stosowany jest w terapii logopedycznej u os\u00f3b z zaburzeniami motorycznymi w obr\u0119bie jamy ustnej (u dzieci i doros\u0142ych). Dotyczy to m.in.\u00a0 przypadku obni\u017conego napi\u0119cia mi\u0119\u015bnia okr\u0119\u017cnego ust, mi\u0119\u015bni \u017cuchwy, mi\u0119\u015bni policzkowych. Aplikacja plastr\u00f3w ma na celu wzmocnienie mi\u0119\u015bni oraz &hellip; <a href=\"https:\/\/cltdogadacsie.pl\/?page_id=1132\">Czytaj dalej <span class=\"meta-nav\">&rarr;<\/span><\/a><\/p>\n","protected":false},"author":2,"featured_media":0,"parent":0,"menu_order":0,"comment_status":"closed","ping_status":"closed","template":"","meta":{"sfsi_plus_gutenberg_text_before_share":"","sfsi_plus_gutenberg_show_text_before_share":"","sfsi_plus_gutenberg_icon_type":"","sfsi_plus_gutenberg_icon_alignemt":"","sfsi_plus_gutenburg_max_per_row":"","footnotes":""},"class_list":["post-1132","page","type-page","status-publish","hentry"],"_links":{"self":[{"href":"https:\/\/cltdogadacsie.pl\/index.php?rest_route=\/wp\/v2\/pages\/1132","targetHints":{"allow":["GET"]}}],"collection":[{"href":"https:\/\/cltdogadacsie.pl\/index.php?rest_route=\/wp\/v2\/pages"}],"about":[{"href":"https:\/\/cltdogadacsie.pl\/index.php?rest_route=\/wp\/v2\/types\/page"}],"author":[{"embeddable":true,"href":"https:\/\/cltdogadacsie.pl\/index.php?rest_route=\/wp\/v2\/users\/2"}],"replies":[{"embeddable":true,"href":"https:\/\/cltdogadacsie.pl\/index.php?rest_route=%2Fwp%2Fv2%2Fcomments&post=1132"}],"version-history":[{"count":18,"href":"https:\/\/cltdogadacsie.pl\/index.php?rest_route=\/wp\/v2\/pages\/1132\/revisions"}],"predecessor-version":[{"id":1137,"href":"https:\/\/cltdogadacsie.pl\/index.php?rest_route=\/wp\/v2\/pages\/1132\/revisions\/1137"}],"wp:attachment":[{"href":"https:\/\/cltdogadacsie.pl\/index.php?rest_route=%2Fwp%2Fv2%2Fmedia&parent=1132"}],"curies":[{"name":"wp","href":"https:\/\/api.w.org\/{rel}","templated":true}]}}