{"id":186,"date":"2018-08-17T14:49:26","date_gmt":"2018-08-17T14:49:26","guid":{"rendered":"http:\/\/cltdogadacsie.pl\/?page_id=186"},"modified":"2018-08-21T10:08:50","modified_gmt":"2018-08-21T10:08:50","slug":"cennik-terminy","status":"publish","type":"page","link":"https:\/\/cltdogadacsie.pl\/?page_id=186","title":{"rendered":"Cennik \/ Terminy"},"content":{"rendered":"<p style=\"text-align: justify;\">Przedstawiona oferta obowi\u0105zuje od dnia 1 wrze\u015bnia 2018 roku. Oferta oraz podane ceny maj\u0105 charakter informacyjny i nie stanowi\u0105 oferty handlowej w rozumieniu Art. 66 par.1 Kodeksu Cywilnego. Centrum Logopedyczno-Terapeutyczne &#8222;Dogada\u0107 si\u0119&#8221; Katarzyna Czechowicz-Go\u0142aszewska zastrzega sobie prawo do zmiany cen oraz opisywanych na niniejszej stronie us\u0142ug.<\/p>\n<p style=\"text-align: justify;\">Uczestnicy zaj\u0119\u0107 znajduj\u0105cych si\u0119 w ofercie\u00a0Centrum Logopedyczno-Terapeutyczne &#8222;Dogada\u0107 si\u0119&#8221; Katarzyna Czechowicz-Go\u0142aszewska s\u0105 zobowi\u0105zani do zapoznania si\u0119 z regulaminem uczestnictwa w ww. zaj\u0119ciach.<\/p>\n","protected":false},"excerpt":{"rendered":"<p>Przedstawiona oferta obowi\u0105zuje od dnia 1 wrze\u015bnia 2018 roku. Oferta oraz podane ceny maj\u0105 charakter informacyjny i nie stanowi\u0105 oferty handlowej w rozumieniu Art. 66 par.1 Kodeksu Cywilnego. Centrum Logopedyczno-Terapeutyczne &#8222;Dogada\u0107 si\u0119&#8221; Katarzyna Czechowicz-Go\u0142aszewska zastrzega sobie prawo do zmiany cen &hellip; <a href=\"https:\/\/cltdogadacsie.pl\/?page_id=186\">Czytaj dalej <span class=\"meta-nav\">&rarr;<\/span><\/a><\/p>\n","protected":false},"author":2,"featured_media":0,"parent":0,"menu_order":0,"comment_status":"closed","ping_status":"closed","template":"","meta":{"sfsi_plus_gutenberg_text_before_share":"","sfsi_plus_gutenberg_show_text_before_share":"","sfsi_plus_gutenberg_icon_type":"","sfsi_plus_gutenberg_icon_alignemt":"","sfsi_plus_gutenburg_max_per_row":"","footnotes":""},"class_list":["post-186","page","type-page","status-publish","hentry"],"_links":{"self":[{"href":"https:\/\/cltdogadacsie.pl\/index.php?rest_route=\/wp\/v2\/pages\/186","targetHints":{"allow":["GET"]}}],"collection":[{"href":"https:\/\/cltdogadacsie.pl\/index.php?rest_route=\/wp\/v2\/pages"}],"about":[{"href":"https:\/\/cltdogadacsie.pl\/index.php?rest_route=\/wp\/v2\/types\/page"}],"author":[{"embeddable":true,"href":"https:\/\/cltdogadacsie.pl\/index.php?rest_route=\/wp\/v2\/users\/2"}],"replies":[{"embeddable":true,"href":"https:\/\/cltdogadacsie.pl\/index.php?rest_route=%2Fwp%2Fv2%2Fcomments&post=186"}],"version-history":[{"count":4,"href":"https:\/\/cltdogadacsie.pl\/index.php?rest_route=\/wp\/v2\/pages\/186\/revisions"}],"predecessor-version":[{"id":318,"href":"https:\/\/cltdogadacsie.pl\/index.php?rest_route=\/wp\/v2\/pages\/186\/revisions\/318"}],"wp:attachment":[{"href":"https:\/\/cltdogadacsie.pl\/index.php?rest_route=%2Fwp%2Fv2%2Fmedia&parent=186"}],"curies":[{"name":"wp","href":"https:\/\/api.w.org\/{rel}","templated":true}]}}