{"id":2182,"date":"2023-08-13T10:04:47","date_gmt":"2023-08-13T10:04:47","guid":{"rendered":"https:\/\/cltdogadacsie.pl\/?page_id=2182"},"modified":"2025-12-31T10:05:40","modified_gmt":"2025-12-31T08:05:40","slug":"zaburzenia-przyjmowania-pokarmow","status":"publish","type":"page","link":"https:\/\/cltdogadacsie.pl\/?page_id=2182","title":{"rendered":"Zaburzenia przyjmowania pokarm\u00f3w"},"content":{"rendered":"<table style=\"border-collapse: collapse; width: 97.9069%; height: 1873px;\" border=\"1\">\n<tbody>\n<tr style=\"height: 24px; background-color: #7bcce3;\">\n<td style=\"width: 122.541%; height: 24px;\" colspan=\"4\">\n<p>&nbsp;<\/p>\n<p style=\"text-align: center;\"><strong>PONI\u017bSZY CENNIK OBOWI\u0104ZUJE OD DNIA 1 STYCZNIA 2026 R.\u00a0<\/strong><\/p>\n<p style=\"text-align: center;\"><strong>ZABURZENIA PRZYJMOWANIA POKARM\u00d3W<\/strong><\/p>\n<\/td>\n<td style=\"width: 7.41301%; height: 24px;\">\u00a0<\/td>\n<\/tr>\n<tr style=\"height: 88px;\">\n<td style=\"width: 33.3333%; height: 88px;\">\n<p>Konsultacja\u00a0<\/p>\n<\/td>\n<td style=\"width: 33.3333%; height: 88px;\">\n<p>do 60 minut<\/p>\n<\/td>\n<td style=\"width: 33.6359%; height: 88px;\">\n<p>220 z\u0142<\/p>\n<\/td>\n<td style=\"width: 22.239%; height: 88px;\">\n<p>ustalany indywidualnie<\/p>\n<\/td>\n<td style=\"width: 7.41301%; height: 88px;\">\u00a0<\/td>\n<\/tr>\n<tr style=\"height: 88px;\">\n<td style=\"width: 33.3333%; height: 88px;\">\n<p>Diagnoza w gabinecie z opisem<\/p>\n<\/td>\n<td style=\"width: 33.3333%; height: 88px;\">\n<p>2 x 60 minut z opisem<\/p>\n<\/td>\n<td style=\"width: 33.6359%; height: 88px;\">\n<p>520 z\u0142<\/p>\n<\/td>\n<td style=\"width: 22.239%; height: 88px;\">\n<p>ustalany indywidualnie<\/p>\n<\/td>\n<td style=\"width: 7.41301%; height: 88px;\">\u00a0<\/td>\n<\/tr>\n<tr style=\"height: 352px;\">\n<td style=\"width: 33.3333%; height: 352px;\" width=\"299\">\n<p>Spotkanie diagnostyczno-konsultacyjne w gabinecie i domu pacjenta (terapia mo\u017ce by\u0107 kontynuowana w p\u00f3\u017aniejszym okresie w formie spotka\u0144 indywidulanych, z wykorzystaniem terapii \u0142\u0105czonej)<\/p>\n<\/td>\n<td style=\"width: 33.3333%; height: 352px;\" width=\"267\">\n<p>wywiad, konsultacja w CLT, konsultacja w domu pacjenta podczas posi\u0142ku, zalecenia, opis, mo\u017cliwo\u015bci terapeutyczne (3 spotkania)<\/p>\n<\/td>\n<td style=\"width: 33.6359%; height: 352px;\" width=\"145\">\n<p>720 z\u0142<\/p>\n<\/td>\n<td style=\"width: 22.239%; height: 352px;\" width=\"279\">\n<p>ustalany indywidualnie\u00a0<\/p>\n<\/td>\n<td style=\"width: 7.41301%; height: 352px;\" width=\"0\">\u00a0<\/td>\n<\/tr>\n<tr style=\"height: 112px;\">\n<td style=\"width: 33.3333%; height: 112px;\">\n<p>Terapia dysfagii (terapia manualna)<\/p>\n<\/td>\n<td style=\"width: 33.3333%; height: 112px;\">\n<p>od 60 minut<\/p>\n<\/td>\n<td style=\"width: 33.6359%; height: 112px;\">\n<p>od 190 z\u0142<\/p>\n<\/td>\n<td style=\"width: 22.239%; height: 112px;\">\n<p>ustalany indywidualnie<\/p>\n<\/td>\n<td style=\"width: 7.41301%; height: 112px;\">\u00a0<\/td>\n<\/tr>\n<tr style=\"height: 137px;\">\n<td style=\"width: 33.3333%; height: 137px;\">\n<p>Terapia dysfagii (terapia manualna, elektrostymulacja)<\/p>\n<\/td>\n<td style=\"width: 33.3333%; height: 137px;\">\n<p>od 60 minut<\/p>\n<\/td>\n<td style=\"width: 33.6359%; height: 137px;\">\n<p>od 200 z\u0142 w zale\u017cno\u015bci od rodzaju elektrostymulacji<\/p>\n<\/td>\n<td style=\"width: 22.239%; height: 137px;\">\n<p>ustalany indywidualnie<\/p>\n<\/td>\n<td style=\"width: 7.41301%; height: 137px;\">\u00a0<\/td>\n<\/tr>\n<tr style=\"height: 136px;\">\n<td style=\"width: 33.3333%; height: 136px;\">\n<p>Trening jedzenia i picia<\/p>\n<p>Rozszerzanie diety<\/p>\n<\/td>\n<td style=\"width: 33.3333%; height: 136px;\">\n<p>od 60 minut<\/p>\n<\/td>\n<td style=\"width: 33.6359%; height: 136px;\">\n<p>od 190 z\u0142<\/p>\n<\/td>\n<td style=\"width: 22.239%; height: 136px;\">\n<p>ustalany indywidualnie<\/p>\n<\/td>\n<td style=\"width: 7.41301%; height: 136px;\">\u00a0<\/td>\n<\/tr>\n<tr style=\"height: 448px;\">\n<td style=\"width: 33.3333%; height: 448px;\" width=\"299\">\n<p>Indywidualny trening w formie III spotka\u0144 szkoleniowych (w weekendy)<\/p>\n<p>(terapia mo\u017ce by\u0107 kontynuowana w p\u00f3\u017aniejszym okresie w formie spotka\u0144 indywidulanych, z wykorzystaniem terapii \u0142\u0105czonej)<\/p>\n<\/td>\n<td style=\"width: 33.3333%; height: 448px;\" width=\"267\">\n<p>I \u2013 konsultacja (sobota)<\/p>\n<p>II \u2013 obserwacja (sobota)<\/p>\n<p>\u00a0\u00a0\u00a0\u00a0\u00a0 trening (niedziela)<\/p>\n<p>III \u2013 trening (sobota-niedziela)<\/p>\n<\/td>\n<td style=\"width: 33.6359%; height: 448px;\" width=\"145\">\n<p>2800 z\u0142<\/p>\n<\/td>\n<td style=\"width: 22.239%; height: 448px;\" width=\"279\">\n<p>ustalany indywidualnie<\/p>\n<\/td>\n<td style=\"width: 7.41301%; height: 448px;\" width=\"0\">\u00a0<\/td>\n<\/tr>\n<tr style=\"height: 376px;\">\n<td style=\"width: 33.3333%; height: 376px;\" width=\"299\">\n<p>Indywidualny turnus &#8211; min. 5 dni<\/p>\n<p>(terapia mo\u017ce by\u0107 kontynuowana w p\u00f3\u017aniejszym okresie w formie spotka\u0144 indywidulanych, z wykorzystaniem terapii \u0142\u0105czonej)<\/p>\n<\/td>\n<td style=\"width: 33.3333%; height: 376px;\" width=\"267\">\n<p>ustalany indywidualnie<\/p>\n<\/td>\n<td style=\"width: 33.6359%; height: 376px;\" width=\"145\">\n<p>ustalana indywidualnie<\/p>\n<\/td>\n<td style=\"width: 22.239%; height: 376px;\" width=\"279\">\n<p>ustalany indywidualnie<\/p>\n<\/td>\n<td style=\"width: 7.41301%; height: 376px;\" width=\"0\">\u00a0<\/td>\n<\/tr>\n<tr style=\"height: 112px;\">\n<td style=\"width: 33.3333%; height: 112px;\" width=\"299\">\n<p>szkolenie dla Rodzic\u00f3w\/opiekun\u00f3w (obligatoryjne)<\/p>\n<\/td>\n<td style=\"width: 33.3333%; height: 112px;\" width=\"267\">\n<p>Sobota-niedziela\u00a0<\/p>\n<\/td>\n<td style=\"width: 33.6359%; height: 112px;\" width=\"145\">\n<p>ustalana indywidualnie lub zgodnie z ofert\u0105 szkoleniow\u0105\u00a0<\/p>\n<\/td>\n<td style=\"width: 22.239%; height: 112px;\" width=\"279\">\n<p>ustalany indywidulanie lub zgodnie z grafikiem szkole\u0144<\/p>\n<\/td>\n<td style=\"width: 7.41301%; height: 112px;\" width=\"0\">\u00a0<\/td>\n<\/tr>\n<\/tbody>\n<\/table>\n<p>Aktualizacja: obowi\u0105zuje od dnia 01.01.26 r.\u00a0<\/p>\n","protected":false},"excerpt":{"rendered":"<p>&nbsp; PONI\u017bSZY CENNIK OBOWI\u0104ZUJE OD DNIA 1 STYCZNIA 2026 R.\u00a0 ZABURZENIA PRZYJMOWANIA POKARM\u00d3W \u00a0 Konsultacja\u00a0 do 60 minut 220 z\u0142 ustalany indywidualnie \u00a0 Diagnoza w gabinecie z opisem 2 x 60 minut z opisem 520 z\u0142 ustalany indywidualnie \u00a0 Spotkanie &hellip; <a href=\"https:\/\/cltdogadacsie.pl\/?page_id=2182\">Czytaj dalej <span class=\"meta-nav\">&rarr;<\/span><\/a><\/p>\n","protected":false},"author":2,"featured_media":0,"parent":0,"menu_order":0,"comment_status":"closed","ping_status":"closed","template":"","meta":{"sfsi_plus_gutenberg_text_before_share":"","sfsi_plus_gutenberg_show_text_before_share":"","sfsi_plus_gutenberg_icon_type":"","sfsi_plus_gutenberg_icon_alignemt":"","sfsi_plus_gutenburg_max_per_row":"","footnotes":""},"class_list":["post-2182","page","type-page","status-publish","hentry"],"_links":{"self":[{"href":"https:\/\/cltdogadacsie.pl\/index.php?rest_route=\/wp\/v2\/pages\/2182","targetHints":{"allow":["GET"]}}],"collection":[{"href":"https:\/\/cltdogadacsie.pl\/index.php?rest_route=\/wp\/v2\/pages"}],"about":[{"href":"https:\/\/cltdogadacsie.pl\/index.php?rest_route=\/wp\/v2\/types\/page"}],"author":[{"embeddable":true,"href":"https:\/\/cltdogadacsie.pl\/index.php?rest_route=\/wp\/v2\/users\/2"}],"replies":[{"embeddable":true,"href":"https:\/\/cltdogadacsie.pl\/index.php?rest_route=%2Fwp%2Fv2%2Fcomments&post=2182"}],"version-history":[{"count":17,"href":"https:\/\/cltdogadacsie.pl\/index.php?rest_route=\/wp\/v2\/pages\/2182\/revisions"}],"predecessor-version":[{"id":2887,"href":"https:\/\/cltdogadacsie.pl\/index.php?rest_route=\/wp\/v2\/pages\/2182\/revisions\/2887"}],"wp:attachment":[{"href":"https:\/\/cltdogadacsie.pl\/index.php?rest_route=%2Fwp%2Fv2%2Fmedia&parent=2182"}],"curies":[{"name":"wp","href":"https:\/\/api.w.org\/{rel}","templated":true}]}}