{"id":263,"date":"2018-08-19T05:42:32","date_gmt":"2018-08-19T05:42:32","guid":{"rendered":"http:\/\/cltdogadacsie.pl\/?page_id=263"},"modified":"2022-04-24T17:51:12","modified_gmt":"2022-04-24T17:51:12","slug":"regulamin","status":"publish","type":"page","link":"https:\/\/cltdogadacsie.pl\/?page_id=263","title":{"rendered":"Regulamin"},"content":{"rendered":"<p>Szanowni Pa\u0144stwo<\/p>\n<p style=\"text-align: justify;\">Zwracam si\u0119 z pro\u015bb\u0105 o zapoznanie si\u0119 z regulaminami, kt\u00f3re obowi\u0105zuj\u0105 w Centrum Logopedyczno-Terapeutycznym &#8222;Dogada\u0107 si\u0119&#8221;. W przypadku jakichkolwiek pyta\u0144 prosz\u0119 o kontakt:<\/p>\n<p>kczechowicz@gmail.com<\/p>\n","protected":false},"excerpt":{"rendered":"<p>Szanowni Pa\u0144stwo Zwracam si\u0119 z pro\u015bb\u0105 o zapoznanie si\u0119 z regulaminami, kt\u00f3re obowi\u0105zuj\u0105 w Centrum Logopedyczno-Terapeutycznym &#8222;Dogada\u0107 si\u0119&#8221;. W przypadku jakichkolwiek pyta\u0144 prosz\u0119 o kontakt: kczechowicz@gmail.com<\/p>\n","protected":false},"author":2,"featured_media":0,"parent":0,"menu_order":0,"comment_status":"closed","ping_status":"closed","template":"","meta":{"sfsi_plus_gutenberg_text_before_share":"","sfsi_plus_gutenberg_show_text_before_share":"","sfsi_plus_gutenberg_icon_type":"","sfsi_plus_gutenberg_icon_alignemt":"","sfsi_plus_gutenburg_max_per_row":"","footnotes":""},"class_list":["post-263","page","type-page","status-publish","hentry"],"_links":{"self":[{"href":"https:\/\/cltdogadacsie.pl\/index.php?rest_route=\/wp\/v2\/pages\/263","targetHints":{"allow":["GET"]}}],"collection":[{"href":"https:\/\/cltdogadacsie.pl\/index.php?rest_route=\/wp\/v2\/pages"}],"about":[{"href":"https:\/\/cltdogadacsie.pl\/index.php?rest_route=\/wp\/v2\/types\/page"}],"author":[{"embeddable":true,"href":"https:\/\/cltdogadacsie.pl\/index.php?rest_route=\/wp\/v2\/users\/2"}],"replies":[{"embeddable":true,"href":"https:\/\/cltdogadacsie.pl\/index.php?rest_route=%2Fwp%2Fv2%2Fcomments&post=263"}],"version-history":[{"count":4,"href":"https:\/\/cltdogadacsie.pl\/index.php?rest_route=\/wp\/v2\/pages\/263\/revisions"}],"predecessor-version":[{"id":1803,"href":"https:\/\/cltdogadacsie.pl\/index.php?rest_route=\/wp\/v2\/pages\/263\/revisions\/1803"}],"wp:attachment":[{"href":"https:\/\/cltdogadacsie.pl\/index.php?rest_route=%2Fwp%2Fv2%2Fmedia&parent=263"}],"curies":[{"name":"wp","href":"https:\/\/api.w.org\/{rel}","templated":true}]}}