{"id":264,"date":"2018-08-19T05:42:32","date_gmt":"2018-08-19T05:42:32","guid":{"rendered":"http:\/\/cltdogadacsie.pl\/?page_id=264"},"modified":"2025-12-31T11:01:02","modified_gmt":"2025-12-31T09:01:02","slug":"zajecia-indywidualne-2","status":"publish","type":"page","link":"https:\/\/cltdogadacsie.pl\/?page_id=264","title":{"rendered":"Zaj\u0119cia indywidualne"},"content":{"rendered":"<p style=\"text-align: justify;\">Logopedia jest dziedzin\u0105 interdyscyplinarn\u0105, a logopeda zajmuje si\u0119 m.in.: profilaktyk\u0105 wad wymowy,\u00a0 terapi\u0105 wad wymowy zar\u00f3wno dzieci jak i doros\u0142ych, terapi\u0105 zaburze\u0144 mowy, terapi\u0105 zaburze\u0144 g\u0142osu, terapi\u0105 zaburze\u0144 j\u0119zyka pisanego (dysleksja, dysgrafia, dysortografia), terapi\u0105 karmienia i po\u0142ykania. Praca logopedy to nie tylko \u0107wiczenia artykulacyjne przed lustrem.<br \/>\nNa zaj\u0119cia logopedyczne mo\u017cna zapisa\u0107 dziecko zaraz po urodzeniu \u2013 by sprawdzi\u0107 stan narz\u0105d\u00f3w mowy, by sprawdzi\u0107 odruchy, napi\u0119cie mi\u0119\u015bniowe, by uzyska\u0107 wskaz\u00f3wki odno\u015bnie karmienia, wychowania s\u0142uchowego i j\u0119zykowego. Logopeda prowadzi tak\u017ce terapi\u0119 j\u0105kania, os\u00f3b po przebytym wylewie, udarze, wypadkach komunikacyjnych, pacjent\u00f3w po laryngektomii (usuni\u0119ciu krtani), jak r\u00f3wnie\u017c zaj\u0119cia z higieny i emisji g\u0142osu dla aktor\u00f3w, nauczycieli, prawnik\u00f3w, dziennikarzy i wszystkich os\u00f3b na co dzie\u0144 \u201epracuj\u0105cych g\u0142osem\u201d. Mo\u017ce si\u0119 wydawa\u0107, \u017ce dziecko niem\u00f3wi\u0105ce, dziecko z autyzmem lub innymi niepe\u0142nosprawno\u015bciami nie potrzebuje zaj\u0119\u0107 logopedycznych. By\u0107 mo\u017ce wynika to z faktu, \u017ce logopeda cz\u0119sto jest kojarzony wy\u0142\u0105cznie z \u0107wiczeniami artykulacyjnymi i \u201eprac\u0105 nad g\u0142oskami\u201d. Wi\u0119c, je\u017celi dziecko wypowiada s\u0142owa czyli w ich rozumieniu m\u00f3wi, rodzice cz\u0119sto nie widz\u0105 potrzeby zaj\u0119\u0107 logopedycznych. Nic bardziej mylnego! Mowa (wypowiadanie s\u0142\u00f3w) nie zawsze oznacza komunikacj\u0119. Logopeda pokieruje terapi\u0105 tak, by wspom\u00f3c rozw\u00f3j zar\u00f3wno komunikacji jak i mowy, uwzgl\u0119dni trening jedzenia, mo\u017cliwo\u015b\u0107 wprowadzenia AAC, plan\u00f3w aktywno\u015bci, tak by zaj\u0119cia by\u0142y jak najbardziej efektywne, a wszystko w oparciu o za\u0142o\u017cenia terapii behawioralnej, w \u015bcis\u0142ej wsp\u00f3\u0142pracy z innymi specjalistami i lekarzami. Je\u015bli dziecko otrzyma mo\u017cliwo\u015b\u0107 wyra\u017cania potrzeb, m\u00f3wienia \u015bwiatu o tym co czuje (s\u0142owem, pismem, gestem, obrazem) \u2013 s\u0105 du\u017ce szanse, \u017ce zmniejszy si\u0119 cz\u0119stotliwo\u015b\u0107 wyst\u0119powania zachowa\u0144 trudnych, \u017ce jego \u017cycie stanie si\u0119 pe\u0142niejsze. Dla Was drodzy Rodzice, nauczyciele i opiekunowie oznacza to zdecydowan\u0105 popraw\u0119 jako\u015bci \u017cycia i rado\u015b\u0107 jak\u0105 przyniesie rozmowa z dzieckiem. Komunikacja jest najwa\u017cniejsza, dlatego uczymy si\u0119 \u015bwiata wsz\u0119dzie, gdzie si\u0119 da \u2013 w gabinecie, na ulicy, w parku, sklepie \u2026<\/p>\n<p>Rodzic\u00f3w, nauczycieli i opiekun\u00f3w zapraszam na konsultacje metodyczne \u2013 by nasze dzia\u0142ania by\u0142y sp\u00f3jne.<\/p>\n<table style=\"height: 2027px; width: 97.3419%;\" width=\"0\">\n<tbody>\n<tr style=\"background-color: #f2ed5a;\">\n<td style=\"width: 97.3684%; height: 64px;\" colspan=\"4\">\n<p style=\"text-align: center;\"><span style=\"font-size: 14px;\"><strong>PONI\u017bSZY CENNIK OBOWI\u0104ZUJE OD DNIA 1 STYCZNIA 2026 R.<\/strong><\/span><\/p>\n<\/td>\n<\/tr>\n<tr style=\"height: 136px; background-color: #4e6ccf;\">\n<td style=\"width: 29.5666%; height: 91px;\">\n<p>&nbsp;<\/p>\n<p><span style=\"font-size: 14px;\"><strong>ZAJ\u0118CIA INDYWIDUALNE <\/strong><\/span><\/p>\n<\/td>\n<td style=\"width: 26.935%; height: 91px;\">\n<p>&nbsp;<\/p>\n<p><span style=\"font-size: 14px;\"><strong>OPIS <\/strong><\/span><\/p>\n<\/td>\n<td style=\"width: 22.1362%; height: 91px;\">\n<p>&nbsp;<\/p>\n<p><span style=\"font-size: 14px;\"><strong>CENA <\/strong><\/span><\/p>\n<\/td>\n<td style=\"width: 18.7306%; height: 91px;\">\n<p>&nbsp;<\/p>\n<p><span style=\"font-size: 14px;\"><strong>TERMINY<\/strong><\/span><\/p>\n<\/td>\n<\/tr>\n<tr style=\"height: 72px;\">\n<td style=\"width: 97.3684%; text-align: center; height: 72px;\" colspan=\"4\">\n<p><strong>US\u0141UGI REALIZOWANE S\u0104 STACJONARNIE, ONLINE, W PLAC\u00d3WKACH TERAPEUTYCZNYCH (MEDYCZNYCH, O\u015aWIATOWYCH, INNYCH SPECJALISTYCZNYCH) ORAZ W DOMU PACJENTA*. <\/strong><\/p>\n<p><strong>W PRZYPADKU US\u0141UG \u0141\u0104CZONYCH CENA USTALANA JEST INDYWIDUALNIE<\/strong><\/p>\n<\/td>\n<\/tr>\n<tr style=\"height: 201px;\">\n<td style=\"width: 29.5666%; height: 64px;\">\n<p><span style=\"font-size: 14px;\"><strong>terapia logopedyczna\u00a0<\/strong><\/span><\/p>\n<\/td>\n<td style=\"width: 26.935%; height: 64px;\">\n<p><span style=\"font-size: 14px;\">\u00a0<\/span><\/p>\n<p><span style=\"font-size: 14px;\">d0 60 minut <\/span><\/p>\n<p><span style=\"font-size: 14px;\">(terapia + rozmowa z rodzicem\/zalecenia)<\/span><\/p>\n<\/td>\n<td style=\"width: 22.1362%; height: 64px;\">\n<p>\u00a0od 150 z\u0142\u00a0\u00a0<\/p>\n<p>&nbsp;<\/p>\n<\/td>\n<td style=\"width: 18.7306%; height: 64px;\">\n<p><span style=\"font-size: 14px;\">ustalane indywidualnie<\/span><\/p>\n<\/td>\n<\/tr>\n<tr style=\"height: 201px;\">\n<td style=\"width: 29.5666%; height: 201px;\">\n<p><span style=\"font-size: 14px;\"><strong>t<span style=\"font-size: 14px;\">erapia neurologopedyczna (w przypadku przygotowywania pomocy wspomagaj\u0105cych proces terapeutyczny dodatkowy koszt ustalany indywidualnie)<\/span><\/strong><\/span><\/p>\n<\/td>\n<td style=\"width: 26.935%; height: 201px;\">\n<p><span style=\"font-size: 14px;\">d0 60 minut <\/span><\/p>\n<p><span style=\"font-size: 14px;\">(terapia + rozmowa z rodzicem\/zalecenia)<\/span><\/p>\n<\/td>\n<td style=\"width: 22.1362%; height: 201px;\">\n<p>od 180 z\u0142\u00a0<\/p>\n<p>&nbsp;<\/p>\n<\/td>\n<td style=\"width: 18.7306%; height: 201px;\">\n<p><span style=\"font-size: 14px;\">ustalane indywidualnie<\/span><\/p>\n<\/td>\n<\/tr>\n<tr style=\"height: 232px;\">\n<td style=\"width: 29.5666%; height: 124px;\">\n<p><strong><span style=\"font-size: 14px;\"><span style=\"font-size: 16px;\"><span style=\"font-size: 14px;\">terapia prowadzona w oparciu o AAC\u00a0 (w przypadku przygotowywania pomocy komunikacyjnych dodatkowy koszt ustalany indywidualnie)<\/span><\/span><\/span><\/strong><\/p>\n<\/td>\n<td style=\"width: 26.935%; height: 124px;\">do 60 minut <span style=\"font-size: 14px;\">(terapia + rozmowa z rodzicem\/zalecenia)<\/span><\/td>\n<td style=\"width: 22.1362%; height: 124px;\">\n<p>od 180 z\u0142<\/p>\n<\/td>\n<td style=\"width: 18.7306%; height: 124px;\">\n<p><span style=\"font-size: 14px;\">ustalane indywidualnie<\/span><\/p>\n<\/td>\n<\/tr>\n<tr style=\"height: 136px;\">\n<td style=\"width: 29.5666%; height: 136px;\">\n<p><strong><span style=\"font-size: 14px;\">terapia neurologopedyczna prowadzona w oparciu o AAC z przygotowaniem i prowadzeniem ksi\u0105\u017cki do komunikacji w formie segregatora\/albumu (w tym PECS) \u2013 w zale\u017cno\u015bci od indywidualnych potrzeb) *<\/span><\/strong><\/p>\n<p><strong><span style=\"font-size: 14px;\">*dotyczy os\u00f3b b\u0119d\u0105cych pod opiek\u0105 CLT \u201eDogada\u0107 si\u0119\u201d, w okresie trwania umowy na \u015bwiadczenie us\u0142ug logopedycznych\/neurologopedycznych<\/span><\/strong><\/p>\n<\/td>\n<td style=\"width: 26.935%; height: 136px;\">\n<p><span style=\"font-size: 14px;\"><span style=\"font-size: 16px;\"> dotyczy jednej ksi\u0105\u017cki wykonanej od podstaw<\/span><\/span><\/p>\n<p>Narz\u0119dzie do komunikacji jest dobierane i przygotowywane z uwzgl\u0119dnieniem indywidulanych potrzeb pacjenta. Zwrot nie jest mo\u017cliwy.<\/p>\n<\/td>\n<td style=\"width: 22.1362%; height: 136px;\">\n<p>koszt zaj\u0119\u0107 \u2013 od 180 z\u0142 za 60 minut zaj\u0119\u0107<\/p>\n<p>plus<\/p>\n<ul>\n<li>od 720 z\u0142 &#8211; za jedn\u0105 ksi\u0105\u017ck\u0119<\/li>\n<li>po odbiorze ksi\u0105\u017cki wymiana pojedynczych stron, pojedynczych symboli, segregatora &#8211; za dodatkow\u0105 op\u0142at\u0105 &#8211; ustalana indywidualnie<\/li>\n<\/ul>\n<\/td>\n<td style=\"width: 18.7306%; height: 136px;\">\n<p><span style=\"font-size: 14px;\">ustalany indywidualnie<\/span><\/p>\n<\/td>\n<\/tr>\n<tr style=\"height: 160px;\">\n<td style=\"width: 29.5666%; height: 113px;\" width=\"294\">\n<p><strong><span style=\"font-size: 14px;\">terapia neurologopedyczna prowadzona w oparciu o AAC z przygotowaniem i prowadzeniem ksi\u0105\u017cki do komunikacji PODD*<\/span><\/strong><\/p>\n<p><strong><span style=\"font-size: 14px;\">*dotyczy os\u00f3b b\u0119d\u0105cych pod opiek\u0105 CLT \u201eDogada\u0107 si\u0119\u201d, w okresie trwania umowy na \u015bwiadczenie us\u0142ug logopedycznych\/neurologopedycznych<\/span><\/strong><\/p>\n<\/td>\n<td style=\"width: 26.935%; height: 113px;\" width=\"267\">\n<p>dotyczy jednej ksi\u0105\u017cki wykonanej od podstaw<\/p>\n<p>Narz\u0119dzie do komunikacji jest dobierane i przygotowywane z uwzgl\u0119dnieniem indywidulanych potrzeb pacjenta. Zwrot nie jest mo\u017cliwy.<\/p>\n<\/td>\n<td style=\"width: 22.1362%; height: 113px;\" width=\"151\">\n<p>koszt zaj\u0119\u0107 \u2013 od 180 z\u0142 za 60 minut zaj\u0119\u0107<\/p>\n<p>plus<\/p>\n<ul>\n<li>od 780 z\u0142 za jedn\u0105\u00a0 ksi\u0105\u017ck\u0119<\/li>\n<li>modyfikacje typu doklejenie symbolu, zdj\u0119cia, modyfikacje zgodne z potrzebami u\u017cytkownika AAC &#8211; za dodatkow\u0105 op\u0142at\u0105 ustalana indywidualnie<\/li>\n<\/ul>\n<\/td>\n<td style=\"width: 18.7306%; height: 113px;\" width=\"278\">\n<p>ustalany indywidualnie<\/p>\n<\/td>\n<\/tr>\n<tr style=\"height: 472px;\">\n<td style=\"width: 29.5666%; height: 366px;\">\n<p><span style=\"font-size: 14px;\"><strong>terapia neurologopedyczna prowadzona w oparciu o AAC z przygotowaniem plan\u00f3w aktywno\u015bci, planu dnia, przyk\u0142adowych kart pracy, oznacze\u0144 (do domu) kompatybilnych z ksi\u0105\u017ck\u0105 do komunikacji na u\u017cytek domowy*<\/strong><\/span><\/p>\n<p><strong><span style=\"font-size: 14px;\">*dotyczy os\u00f3b b\u0119d\u0105cych pod opiek\u0105 CLT \u201eDogada\u0107 si\u0119\u201d, w okresie trwania umowy na \u015bwiadczenie us\u0142ug logopedycznych\/neurologopedycznych<\/span><\/strong><\/td>\n<td style=\"width: 26.935%; height: 366px;\">\n<p>w ci\u0105gu trwania terapii\u00a0<\/p>\n<p>Narz\u0119dzie do komunikacji jest dobierane i przygotowywane z uwzgl\u0119dnieniem indywidulanych potrzeb pacjenta. Zwrot nie jest mo\u017cliwy.<\/p>\n<\/td>\n<td style=\"width: 22.1362%; height: 366px;\">\n<p>koszt zaj\u0119\u0107 \u2013 od 180 z\u0142 za 60 minut zaj\u0119\u0107<\/p>\n<p>plus<\/p>\n<p>kwota ustalana indywidualnie<\/p>\n<\/td>\n<td style=\"width: 18.7306%; height: 366px;\">\n<p>ustalane indywidulanie<\/p>\n<\/td>\n<\/tr>\n<tr style=\"height: 208px;\">\n<td style=\"width: 29.5666%; height: 185px;\">\n<p><strong><span style=\"font-size: 14px;\">terapia neurologopedyczna prowadzona w oparciu o AAC z przygotowaniem i wprowadzaniem zmian w obszarze programu GRID 3\/M\u00d3Wik\/ CoughDrop\/innego dla indywidualnego u\u017cytkownika*<\/span><\/strong><\/p>\n<p><strong><span style=\"font-size: 14px;\">*dotyczy os\u00f3b b\u0119d\u0105cych pod opiek\u0105 CLT \u201eDogada\u0107 si\u0119\u201d, w okresie trwania umowy na \u015bwiadczenie us\u0142ug logopedycznych\/neurologopedycznych<\/span><\/strong><\/p>\n<\/td>\n<td style=\"width: 26.935%; height: 185px;\">\n<p><span style=\"font-size: 14px;\"><span style=\"font-size: 16px;\">dotyczy jednego programu<\/span><\/span><\/p>\n<p>Narz\u0119dzie do komunikacji jest dobierane i przygotowywane z uwzgl\u0119dnieniem indywidulanych potrzeb pacjenta. Zwrot nie jest mo\u017cliwy.<\/p>\n<\/td>\n<td style=\"width: 22.1362%; height: 185px;\">\n<p>koszt zaj\u0119\u0107 \u2013 od 180 z\u0142 za 60 minut zaj\u0119\u0107<\/p>\n<p>plus<\/p>\n<p>od 680 z\u0142 &#8211; przygotowanie wersji startowej jednego oprogramowania (zmiany, rozbudowa za dodatkow\u0105 op\u0142at\u0105 ustalan\u0105 indywidulanie w zale\u017cno\u015bci od zakresu us\u0142ugi)<\/p>\n<\/td>\n<td style=\"width: 18.7306%; height: 185px;\">\n<p><span style=\"font-size: 14px;\">\u00a0ustalany indywidualnie<\/span><\/p>\n<\/td>\n<\/tr>\n<tr style=\"height: 216px;\">\n<td style=\"width: 29.5666%; height: 62px;\">\n<p><span style=\"font-size: 14px;\"><strong>zaj\u0119cia z u\u017cyciem s\u0142uchawek For Brain<\/strong><\/span><\/p>\n<ul>\n<li>wspomaganie \u0107wicze\u0144 artykulacyjnych<\/li>\n<li>wspomaganie nauki czytania<\/li>\n<li>wspomaganie koncentracji i uwagi<\/li>\n<li>\u0107wiczenia dykcyjne<\/li>\n<\/ul>\n<\/td>\n<td style=\"width: 26.935%; height: 62px;\">\n<p><span style=\"font-size: 14px;\">60 minut<\/span><\/p>\n<\/td>\n<td style=\"width: 22.1362%; height: 62px;\">od 180 z\u0142<\/td>\n<td style=\"width: 18.7306%; height: 62px;\">\n<p><span style=\"font-size: 14px;\">ustalane indywidualnie<\/span><\/p>\n<\/td>\n<\/tr>\n<tr style=\"height: 88px;\">\n<td style=\"width: 29.5666%; height: 88px;\">\n<p><span style=\"font-size: 14px;\"><strong>zaj\u0119cia neurologopedyczne z wykorzystaniem metody KIDS&#8217;SKILLS<\/strong><\/span><\/p>\n<div dir=\"auto\">Metoda Kids\u2019 Skills bazuje w du\u017cej mierze na filozofii Terapii Skoncentrowanej na Rozwi\u0105zaniach. Mo\u017ce by\u0107 wykorzystana w wielu r\u00f3\u017cnych obszarach typu.:<\/div>\n<div dir=\"auto\">\u2022 zaburzenia koncentracji,<\/div>\n<div dir=\"auto\">\u2022 napady z\u0142o\u015bci,<\/div>\n<div dir=\"auto\">\u2022 problemy z jedzeniem lub snem,<\/div>\n<div dir=\"auto\">\u2022 korzystanie z toalety i innych.<\/div>\n<\/td>\n<td style=\"width: 26.935%; height: 88px;\">\n<p><span style=\"font-size: 14px;\">do 60 minut\u00a0<\/span><\/p>\n<\/td>\n<td style=\"width: 22.1362%; height: 88px;\">\n<p><span style=\"font-size: 14px;\">od 180 z\u0142<\/span><\/p>\n<\/td>\n<td style=\"width: 18.7306%; height: 88px;\">\n<p><span style=\"font-size: 14px;\">ustalane indywidualnie<\/span><\/p>\n<\/td>\n<\/tr>\n<tr style=\"height: 184px;\">\n<td style=\"width: 29.5666%; height: 184px;\">\n<p><span style=\"font-size: 14px;\"><strong>joga dla dziecka i rodzica<\/strong><\/span><\/p>\n<p><span style=\"font-size: 14px;\"><strong>\u00a0<\/strong><\/span><\/p>\n<p><span style=\"font-size: 14px;\"><strong>\u00a0<\/strong><\/span><\/p>\n<\/td>\n<td style=\"width: 26.935%; height: 184px;\">\n<p><span style=\"font-size: 14px;\">do\u00a0 60 minut (zaj\u0119cia + rozmowa z rodzicem\/zalecenia)<\/span><\/p>\n<\/td>\n<td style=\"width: 22.1362%; height: 184px;\">\n<p><span style=\"font-size: 14px;\">150 z\u0142 \/ para rodzic\/opiekun + dziecko<\/span><\/p>\n<\/td>\n<td style=\"width: 18.7306%; height: 184px;\">\n<p><span style=\"font-size: 14px;\">ustalane indywidualnie<\/span><\/p>\n<\/td>\n<\/tr>\n<tr style=\"height: 184px;\">\n<td style=\"width: 29.5666%; height: 141px;\">\n<p><span style=\"font-size: 14px;\"><strong>oddycham prawid\u0142owo<\/strong><\/span><\/p>\n<p><span style=\"font-size: 14px;\"><strong>\u00a0<\/strong><\/span><\/p>\n<\/td>\n<td style=\"width: 26.935%; height: 141px;\">\n<p><span style=\"font-size: 14px;\">do 60 minut \u2013 zaj\u0119cia indywidualne dla osoby doros\u0142ej<\/span><\/p>\n<\/td>\n<td style=\"width: 22.1362%; height: 141px;\">\n<p><span style=\"font-size: 14px;\">180 z\u0142<\/span><\/p>\n<\/td>\n<td style=\"width: 18.7306%; height: 141px;\">\n<p><span style=\"font-size: 14px;\">ustalane indywidualnie<\/span><\/p>\n<\/td>\n<\/tr>\n<tr style=\"height: 136px;\">\n<td style=\"width: 29.5666%; height: 136px;\">\n<p><span style=\"font-size: 14px;\"><strong>oddycham prawid\u0142owo<\/strong><\/span><\/p>\n<p><span style=\"font-size: 14px;\"><strong>\u00a0<\/strong><\/span><\/p>\n<\/td>\n<td style=\"width: 26.935%; height: 136px;\">\n<p><span style=\"font-size: 14px;\">60 minut \u2013 zaj\u0119cia indywidualne dla dziecka i rodzica\/ opiekuna<\/span><\/p>\n<\/td>\n<td style=\"width: 22.1362%; height: 136px;\">\n<p><span style=\"font-size: 14px;\">180 z\u0142 \/ para rodzic\/opiekun + dziecko<\/span><\/p>\n<\/td>\n<td style=\"width: 18.7306%; height: 136px;\">\n<p><span style=\"font-size: 14px;\">ustalane indywidualnie<\/span><\/p>\n<\/td>\n<\/tr>\n<\/tbody>\n<\/table>\n<p style=\"text-align: justify;\">* W MIAR\u0118 DOST\u0118PNO\u015aCI MIEJSC W GRAFIKU ISTNIEJE MO\u017bLIWO\u015a\u0106 DOJAZDU DO PACJENT\u00d3W, KT\u00d3RYM STAN ZDROWIA NIE POZWALA NA TERAPI\u0118 POZA DOMEM LUB Z INNYCH WZGL\u0118D\u00d3W NIE MOG\u0104 DOJECHA\u0106 DO SIEDZIBY CLT DOGADA\u0106 SI\u0118. US\u0141UGA REALIZOWANA DO 20 KM. OBOWI\u0104ZUJE DODATKOWA OP\u0141ATA ZA DOJAZD.<\/p>\n<p>aktualizacja: obowi\u0105zuje od dnia 01.01.26 r.\u00a0<\/p>\n","protected":false},"excerpt":{"rendered":"<p>Logopedia jest dziedzin\u0105 interdyscyplinarn\u0105, a logopeda zajmuje si\u0119 m.in.: profilaktyk\u0105 wad wymowy,\u00a0 terapi\u0105 wad wymowy zar\u00f3wno dzieci jak i doros\u0142ych, terapi\u0105 zaburze\u0144 mowy, terapi\u0105 zaburze\u0144 g\u0142osu, terapi\u0105 zaburze\u0144 j\u0119zyka pisanego (dysleksja, dysgrafia, dysortografia), terapi\u0105 karmienia i po\u0142ykania. Praca logopedy to &hellip; <a href=\"https:\/\/cltdogadacsie.pl\/?page_id=264\">Czytaj dalej <span class=\"meta-nav\">&rarr;<\/span><\/a><\/p>\n","protected":false},"author":2,"featured_media":0,"parent":0,"menu_order":0,"comment_status":"closed","ping_status":"closed","template":"","meta":{"sfsi_plus_gutenberg_text_before_share":"","sfsi_plus_gutenberg_show_text_before_share":"","sfsi_plus_gutenberg_icon_type":"","sfsi_plus_gutenberg_icon_alignemt":"","sfsi_plus_gutenburg_max_per_row":"","footnotes":""},"class_list":["post-264","page","type-page","status-publish","hentry"],"_links":{"self":[{"href":"https:\/\/cltdogadacsie.pl\/index.php?rest_route=\/wp\/v2\/pages\/264","targetHints":{"allow":["GET"]}}],"collection":[{"href":"https:\/\/cltdogadacsie.pl\/index.php?rest_route=\/wp\/v2\/pages"}],"about":[{"href":"https:\/\/cltdogadacsie.pl\/index.php?rest_route=\/wp\/v2\/types\/page"}],"author":[{"embeddable":true,"href":"https:\/\/cltdogadacsie.pl\/index.php?rest_route=\/wp\/v2\/users\/2"}],"replies":[{"embeddable":true,"href":"https:\/\/cltdogadacsie.pl\/index.php?rest_route=%2Fwp%2Fv2%2Fcomments&post=264"}],"version-history":[{"count":63,"href":"https:\/\/cltdogadacsie.pl\/index.php?rest_route=\/wp\/v2\/pages\/264\/revisions"}],"predecessor-version":[{"id":2896,"href":"https:\/\/cltdogadacsie.pl\/index.php?rest_route=\/wp\/v2\/pages\/264\/revisions\/2896"}],"wp:attachment":[{"href":"https:\/\/cltdogadacsie.pl\/index.php?rest_route=%2Fwp%2Fv2%2Fmedia&parent=264"}],"curies":[{"name":"wp","href":"https:\/\/api.w.org\/{rel}","templated":true}]}}