{"id":266,"date":"2018-08-19T05:42:33","date_gmt":"2018-08-19T05:42:33","guid":{"rendered":"http:\/\/cltdogadacsie.pl\/?page_id=266"},"modified":"2025-12-27T10:26:43","modified_gmt":"2025-12-27T08:26:43","slug":"szkolenia-warsztaty","status":"publish","type":"page","link":"https:\/\/cltdogadacsie.pl\/?page_id=266","title":{"rendered":"Szkolenia\/warsztaty"},"content":{"rendered":"<table style=\"width: 100.907%; height: 346px;\" width=\"0\">\n<tbody>\n<tr>\n<td style=\"background-color: #6f96d1;\" colspan=\"4\">\n<p style=\"text-align: center;\"><strong>PONI\u017bSZY CENNIK OBOWI\u0104ZUJE OD DNIA 1 STYCZNIA 2026 R.\u00a0<\/strong><\/p>\n<\/td>\n<\/tr>\n<tr style=\"height: 98px; background-color: #00239;\">\n<td style=\"height: 98px;\" width=\"334\">\n<p><span style=\"font-size: 14px;\"><strong>\u00a0<\/strong><\/span><span style=\"font-size: 14px;\"><strong>SZKOLENIA<\/strong><\/span><\/p>\n<\/td>\n<td style=\"height: 98px;\" width=\"337\">\n<p><span style=\"font-size: 14px;\">OPIS<\/span><\/p>\n<\/td>\n<td style=\"height: 98px;\" width=\"168\">\n<p><span style=\"font-size: 14px;\">CENA<\/span><\/p>\n<\/td>\n<td style=\"height: 98px;\" width=\"163\">\n<p><span style=\"font-size: 14px;\">TERMINY<\/span><\/p>\n<\/td>\n<\/tr>\n<tr style=\"height: 112px;\">\n<td style=\"height: 248px;\" rowspan=\"2\" width=\"334\">\n<p><span style=\"font-size: 14px;\"><strong>Szkolenia\/warsztaty dla nauczycieli\/specjalist\u00f3w\/rodzic\u00f3w<\/strong><\/span><\/p>\n<p><span style=\"font-size: 14px;\"><strong>\u00a0<\/strong><\/span><\/p>\n<\/td>\n<td style=\"height: 112px;\" width=\"337\">\n<p><span style=\"font-size: 14px;\">Zgodnie z ofert\u0105<\/span><\/p>\n<\/td>\n<td style=\"height: 112px;\" width=\"168\">\n<p><span style=\"font-size: 14px;\">cena ustalana w zale\u017cno\u015bci od szkolenia<\/span><\/p>\n<\/td>\n<td style=\"height: 112px;\" width=\"163\">\n<p><span style=\"font-size: 14px;\">zgodnie z ofert\u0105 szkoleniow\u0105<\/span><\/p>\n<\/td>\n<\/tr>\n<tr style=\"height: 136px;\">\n<td style=\"height: 136px;\" width=\"337\">\n<p><span style=\"font-size: 14px;\">Oferta dla rad pedagogicznych ustalana indywidualnie<\/span><\/p>\n<\/td>\n<td style=\"height: 136px;\" width=\"168\">\n<p><span style=\"font-size: 14px;\">cena ustalana indywidualnie dla plac\u00f3wki<\/span><\/p>\n<\/td>\n<td style=\"height: 136px;\" width=\"163\">\n<p><span style=\"font-size: 14px;\">zgodnie z ofert\u0105 szkoleniow\u0105<\/span><\/p>\n<\/td>\n<\/tr>\n<\/tbody>\n<\/table>\n<p>aktualizacja: wchodzi w \u017cycie od 01.01.26 r.\u00a0<\/p>\n","protected":false},"excerpt":{"rendered":"<p>PONI\u017bSZY CENNIK OBOWI\u0104ZUJE OD DNIA 1 STYCZNIA 2026 R.\u00a0 \u00a0SZKOLENIA OPIS CENA TERMINY Szkolenia\/warsztaty dla nauczycieli\/specjalist\u00f3w\/rodzic\u00f3w \u00a0 Zgodnie z ofert\u0105 cena ustalana w zale\u017cno\u015bci od szkolenia zgodnie z ofert\u0105 szkoleniow\u0105 Oferta dla rad pedagogicznych ustalana indywidualnie cena ustalana indywidualnie dla &hellip; <a href=\"https:\/\/cltdogadacsie.pl\/?page_id=266\">Czytaj dalej <span class=\"meta-nav\">&rarr;<\/span><\/a><\/p>\n","protected":false},"author":2,"featured_media":0,"parent":0,"menu_order":0,"comment_status":"closed","ping_status":"closed","template":"","meta":{"sfsi_plus_gutenberg_text_before_share":"","sfsi_plus_gutenberg_show_text_before_share":"","sfsi_plus_gutenberg_icon_type":"","sfsi_plus_gutenberg_icon_alignemt":"","sfsi_plus_gutenburg_max_per_row":"","footnotes":""},"class_list":["post-266","page","type-page","status-publish","hentry"],"_links":{"self":[{"href":"https:\/\/cltdogadacsie.pl\/index.php?rest_route=\/wp\/v2\/pages\/266","targetHints":{"allow":["GET"]}}],"collection":[{"href":"https:\/\/cltdogadacsie.pl\/index.php?rest_route=\/wp\/v2\/pages"}],"about":[{"href":"https:\/\/cltdogadacsie.pl\/index.php?rest_route=\/wp\/v2\/types\/page"}],"author":[{"embeddable":true,"href":"https:\/\/cltdogadacsie.pl\/index.php?rest_route=\/wp\/v2\/users\/2"}],"replies":[{"embeddable":true,"href":"https:\/\/cltdogadacsie.pl\/index.php?rest_route=%2Fwp%2Fv2%2Fcomments&post=266"}],"version-history":[{"count":17,"href":"https:\/\/cltdogadacsie.pl\/index.php?rest_route=\/wp\/v2\/pages\/266\/revisions"}],"predecessor-version":[{"id":2838,"href":"https:\/\/cltdogadacsie.pl\/index.php?rest_route=\/wp\/v2\/pages\/266\/revisions\/2838"}],"wp:attachment":[{"href":"https:\/\/cltdogadacsie.pl\/index.php?rest_route=%2Fwp%2Fv2%2Fmedia&parent=266"}],"curies":[{"name":"wp","href":"https:\/\/api.w.org\/{rel}","templated":true}]}}