{"id":268,"date":"2018-08-19T05:42:33","date_gmt":"2018-08-19T05:42:33","guid":{"rendered":"http:\/\/cltdogadacsie.pl\/?page_id=268"},"modified":"2025-12-31T10:35:25","modified_gmt":"2025-12-31T08:35:25","slug":"psy-i-ludzie","status":"publish","type":"page","link":"https:\/\/cltdogadacsie.pl\/?page_id=268","title":{"rendered":"Psy i ludzie"},"content":{"rendered":"<table style=\"height: 1319px; width: 96.5901%;\" width=\"0\">\n<tbody>\n<tr style=\"height: 87px; background-color: #ebe72a;\">\n<td style=\"width: 99.8438%; height: 87px; text-align: center;\" colspan=\"4\">\n<p><span style=\"font-size: 14px;\"><strong>PONI\u017bSZY CENNIK OBOWI\u0104ZUJE OD DNIA 1 STYCZNIA 2026 R.\u00a0<\/strong><\/span><\/p>\n<\/td>\n<\/tr>\n<tr style=\"height: 86px; background-color: #52e3c8;\">\n<td style=\"height: 86px; width: 28.5938%;\">\n<p><span style=\"font-size: 14px;\"><strong>ROSZAJ ZAJ\u0118\u0106<\/strong><\/span><\/p>\n<\/td>\n<td style=\"height: 86px; width: 31.0937%;\">\n<p><span style=\"font-size: 14px;\"><strong>OPIS <\/strong><\/span><\/p>\n<\/td>\n<td style=\"height: 86px; width: 18.75%;\">\n<p><span style=\"font-size: 14px;\"><strong>CENA<\/strong><\/span><\/p>\n<\/td>\n<td style=\"height: 86px; width: 21.4063%;\">\n<p><span style=\"font-size: 14px;\"><strong>TERMINY<\/strong><\/span><\/p>\n<\/td>\n<\/tr>\n<tr style=\"height: 90px;\">\n<td style=\"width: 99.8438%; height: 90px;\" colspan=\"4\">\n<p style=\"text-align: justify;\"><span style=\"font-size: 14px;\"><strong>ZAJ\u0118CIA PROWADZONE S\u0104 W FORMIE SPOTKA\u0143 INDYWIDUALNYCH W MIEJSCU WSKAZANYM PRZEZ ORGANIZATORA I USTALONYM Z UCZETSTNIKIEM, DEDYKOWANE S\u0104 PRZEDE WSZYSTKIM RODZINOM Z DZIE\u0106MI (dla u\u017cytkownik\u00f3w AAC przygotowywane s\u0105 odpowiednie plany aktywno\u015bci i pomoce &#8211; mo\u017ce obowi\u0105zywa\u0107 dodatkowa op\u0142ata)<\/strong><\/span><\/p>\n<\/td>\n<\/tr>\n<tr style=\"height: 88px;\">\n<td style=\"width: 28.5938%; height: 88px;\">\n<p><span style=\"font-size: 14px;\"><strong>Konsultacja jednorazowa<\/strong><\/span><\/p>\n<\/td>\n<td style=\"width: 31.0937%; height: 88px;\">\n<p><span style=\"font-size: 14px;\">do 60 minut<\/span><\/p>\n<\/td>\n<td style=\"width: 18.75%; height: 88px;\">\n<p><span style=\"font-size: 14px;\">220 z\u0142 (pierwsze spotkanie)<\/span><\/p>\n<p><span style=\"font-size: 14px;\">190 z\u0142 (ka\u017cde nast\u0119pne)<\/span><\/p>\n<\/td>\n<td style=\"width: 21.4063%; height: 88px;\">\n<p><span style=\"font-size: 14px;\">ustalany indywidualnie<\/span><\/p>\n<\/td>\n<\/tr>\n<tr style=\"height: 256px;\">\n<td style=\"width: 28.5938%; height: 256px;\">\n<p><span style=\"font-size: 14px;\"><strong>Analiza zachowa\u0144 komunikacyjnych w relacji pies-dziecko<\/strong><\/span><\/p>\n<\/td>\n<td style=\"width: 31.0937%; height: 256px;\">\n<p><span style=\"font-size: 14px;\">na podstawie obserwacji oraz\u00a0 przes\u0142anych film\u00f3w (trzy spotkania diagnostyczne oraz max.6 film\u00f3w do 5 minut nagrania)<\/span><\/p>\n<p><span style=\"font-family: inherit;\">Analiza ko\u0144czy si\u0119 przekazaniem\u00a0 uwag i wskaz\u00f3wek do\u00a0 dalszej pracy podczas spotkania indywidualnego <\/span><span style=\"font-family: inherit;\">\u00a0<\/span><span style=\"font-family: inherit; font-size: 14px;\">pisemny opis na \u017cyczenie zgodnie z cennikiem<\/span><\/p>\n<\/td>\n<td style=\"width: 18.75%; height: 256px;\">\n<p><span style=\"font-size: 14px;\">660 z\u0142<\/span><\/p>\n<\/td>\n<td style=\"width: 21.4063%; height: 256px;\"><span style=\"font-size: 14px;\">ustalany indywidualnie<\/span><\/td>\n<\/tr>\n<tr style=\"height: 153px;\">\n<td style=\"height: 117px; width: 28.5938%;\" rowspan=\"2\">\n<p><span style=\"font-size: 14px;\"><strong>\u00a0<\/strong><\/span><\/p>\n<p><span style=\"font-size: 14px;\"><strong>\u00a0<\/strong><\/span><\/p>\n<p><span style=\"font-size: 14px;\"><strong>\u00a0<\/strong><\/span><\/p>\n<p><span style=\"font-size: 14px;\"><strong>\u00a0<\/strong><\/span><\/p>\n<p><span style=\"font-size: 14px;\"><strong>\u00a0<\/strong><\/span><\/p>\n<p><span style=\"font-size: 14px;\"><strong>Trening podstawowego pos\u0142usze\u0144stwa (z udzia\u0142em dziecka)<\/strong><\/span><\/p>\n<p><span style=\"font-size: 14px;\"><strong>\u00a0<\/strong><\/span><\/p>\n<p><span style=\"font-size: 14px;\"><strong>\u00a0<\/strong><\/span><\/p>\n<p><span style=\"font-size: 14px;\"><strong>\u00a0<\/strong><\/span><\/p>\n<p><span style=\"font-size: 14px;\"><strong>\u00a0<\/strong><\/span><\/p>\n<\/td>\n<td style=\"height: 61px; width: 31.0937%;\">\n<p><span style=\"font-size: 14px;\">60 minut\u00a0\u00a0\u00a0\u00a0\u00a0\u00a0\u00a0 x\u00a0\u00a0\u00a0 10 spotka\u0144 \u2013 zaj\u0119cia indywidualne(minimum 1 raz w tygodniu)<\/span><\/p>\n<\/td>\n<td style=\"height: 61px; width: 18.75%;\">\n<p>&nbsp;<\/p>\n<p><span style=\"font-size: 14px;\">\u00a01250 z\u0142<\/span><\/p>\n<\/td>\n<td style=\"height: 61px; width: 21.4063%;\">\n<p>&nbsp;<\/p>\n<p><span style=\"font-size: 14px;\">ustalany indywidualnie<\/span><\/p>\n<\/td>\n<\/tr>\n<tr style=\"height: 181px;\">\n<td style=\"height: 56px; width: 31.0937%;\">\n<p><span style=\"font-size: 14px;\">60 minut (pojedyncze wej\u015bcie, zaj\u0119cia indywidualne)<\/span><\/p>\n<\/td>\n<td style=\"height: 56px; width: 18.75%;\">\n<p>&nbsp;<\/p>\n<p><span style=\"font-size: 14px;\">180 z\u0142<\/span><\/p>\n<\/td>\n<td style=\"height: 56px; width: 21.4063%;\">\n<p><span style=\"font-size: 14px;\">ustalany indywidualnie<\/span><\/p>\n<\/td>\n<\/tr>\n<tr style=\"height: 112px;\">\n<td style=\"height: 112px; width: 28.5938%;\">\n<p><span style=\"font-size: 14px;\"><strong>Spacer treningowy z psem i dzieckiem!<\/strong><\/span><\/p>\n<p><span style=\"font-size: 14px;\"><strong>\u00a0<\/strong><\/span><\/p>\n<\/td>\n<td style=\"height: 112px; width: 31.0937%;\">\n<p><span style=\"font-size: 14px;\">60 minut (pojedyncze wyj\u015bcie, praca w terenie)<\/span><\/p>\n<\/td>\n<td style=\"height: 112px; width: 18.75%;\">\n<p><span style=\"font-size: 14px;\">180 z\u0142<\/span><\/p>\n<\/td>\n<td style=\"height: 112px; width: 21.4063%;\">\n<p><span style=\"font-size: 14px;\">ustalany indywidualnie<\/span><\/p>\n<\/td>\n<\/tr>\n<tr style=\"height: 184px;\">\n<td style=\"height: 184px; width: 28.5938%;\">\n<p><span style=\"font-size: 14px;\"><strong>Mamo, tato chc\u0119 psa! \u2013 przygotowanie<\/strong><\/span><\/p>\n<p><span style=\"font-size: 14px;\"><strong>\u00a0<\/strong><\/span><\/p>\n<p><span style=\"font-size: 14px;\"><strong>\u00a0<\/strong><\/span><\/p>\n<\/td>\n<td style=\"height: 184px; width: 31.0937%;\">\n<p><span style=\"font-size: 14px;\">60 minut\u00a0\u00a0\u00a0\u00a0\u00a0\u00a0\u00a0\u00a0\u00a0\u00a0\u00a0\u00a0 x\u00a0\u00a0\u00a0 4 spotkania (minimum 1 raz w tygodniu)<\/span><\/p>\n<\/td>\n<td style=\"height: 184px; width: 18.75%;\">\n<p><span style=\"font-size: 14px;\">650 z\u0142<\/span><\/p>\n<\/td>\n<td style=\"height: 184px; width: 21.4063%;\">\n<p>&nbsp;<\/p>\n<p><span style=\"font-size: 14px;\">ustalany indywidualnie<\/span><\/p>\n<\/td>\n<\/tr>\n<tr style=\"height: 184px;\">\n<td style=\"height: 299px; width: 28.5938%;\" rowspan=\"2\">\n<p><span style=\"font-size: 14px;\"><strong>Dziecko i pies pod jednym dachem<\/strong><\/span><\/p>\n<p><span style=\"font-size: 14px;\"><strong>\u00a0<\/strong><\/span><\/p>\n<\/td>\n<td style=\"height: 139px; width: 31.0937%;\">\n<p><span style=\"font-size: 14px;\">60 minut\u00a0 \u00a0x\u00a0\u00a0\u00a0 4 spotkania indywidualne (minimum 1 raz w tygodniu)<\/span><\/p>\n<\/td>\n<td style=\"height: 139px; width: 18.75%;\">\n<p><span style=\"font-size: 14px;\">\u00a0650 z\u0142<\/span><\/p>\n<\/td>\n<td style=\"height: 139px; width: 21.4063%;\">\n<p><span style=\"font-size: 14px;\">ustalany indywidualnie<\/span><\/p>\n<\/td>\n<\/tr>\n<tr style=\"height: 160px;\">\n<td style=\"height: 160px; width: 31.0937%;\">\n<p><span style=\"font-size: 14px;\">60 minut\u00a0 \u00a0x\u00a0\u00a0\u00a0 8 spotka\u0144 indywidualnych (minimum 1 raz w tygodniu)<\/span><\/p>\n<\/td>\n<td style=\"height: 160px; width: 18.75%;\">\n<p><span style=\"font-size: 14px;\">1050 z\u0142<\/span><\/p>\n<\/td>\n<td style=\"height: 160px; width: 21.4063%;\">\n<p><span style=\"font-size: 14px;\">ustalany indywidualnie<\/span><\/p>\n<p>&nbsp;<\/p>\n<\/td>\n<\/tr>\n<\/tbody>\n<\/table>\n<p>ZAJ\u0118CIA MOG\u0104 ODBYWA\u0106 SI\u0118 W MIEJSCU WSKAZANYM PRZEZ ORGANIZATORA LUB W MIEJSCU POBYTU PSA . W przypadku trening\u00f3w indywidualnych w miejscu pobytu psa obowi\u0105zuje dodatkowa op\u0142ata za dojazd.<\/p>\n<p>&nbsp;<\/p>\n<p>Aktualizacja:\u00a0 obowi\u0105zuje od dnia od 01.01.26 r.\u00a0<\/p>\n","protected":false},"excerpt":{"rendered":"<p>PONI\u017bSZY CENNIK OBOWI\u0104ZUJE OD DNIA 1 STYCZNIA 2026 R.\u00a0 ROSZAJ ZAJ\u0118\u0106 OPIS CENA TERMINY ZAJ\u0118CIA PROWADZONE S\u0104 W FORMIE SPOTKA\u0143 INDYWIDUALNYCH W MIEJSCU WSKAZANYM PRZEZ ORGANIZATORA I USTALONYM Z UCZETSTNIKIEM, DEDYKOWANE S\u0104 PRZEDE WSZYSTKIM RODZINOM Z DZIE\u0106MI (dla u\u017cytkownik\u00f3w AAC &hellip; <a href=\"https:\/\/cltdogadacsie.pl\/?page_id=268\">Czytaj dalej <span class=\"meta-nav\">&rarr;<\/span><\/a><\/p>\n","protected":false},"author":2,"featured_media":0,"parent":0,"menu_order":0,"comment_status":"closed","ping_status":"closed","template":"","meta":{"sfsi_plus_gutenberg_text_before_share":"","sfsi_plus_gutenberg_show_text_before_share":"","sfsi_plus_gutenberg_icon_type":"","sfsi_plus_gutenberg_icon_alignemt":"","sfsi_plus_gutenburg_max_per_row":"","footnotes":""},"class_list":["post-268","page","type-page","status-publish","hentry"],"_links":{"self":[{"href":"https:\/\/cltdogadacsie.pl\/index.php?rest_route=\/wp\/v2\/pages\/268","targetHints":{"allow":["GET"]}}],"collection":[{"href":"https:\/\/cltdogadacsie.pl\/index.php?rest_route=\/wp\/v2\/pages"}],"about":[{"href":"https:\/\/cltdogadacsie.pl\/index.php?rest_route=\/wp\/v2\/types\/page"}],"author":[{"embeddable":true,"href":"https:\/\/cltdogadacsie.pl\/index.php?rest_route=\/wp\/v2\/users\/2"}],"replies":[{"embeddable":true,"href":"https:\/\/cltdogadacsie.pl\/index.php?rest_route=%2Fwp%2Fv2%2Fcomments&post=268"}],"version-history":[{"count":48,"href":"https:\/\/cltdogadacsie.pl\/index.php?rest_route=\/wp\/v2\/pages\/268\/revisions"}],"predecessor-version":[{"id":2892,"href":"https:\/\/cltdogadacsie.pl\/index.php?rest_route=\/wp\/v2\/pages\/268\/revisions\/2892"}],"wp:attachment":[{"href":"https:\/\/cltdogadacsie.pl\/index.php?rest_route=%2Fwp%2Fv2%2Fmedia&parent=268"}],"curies":[{"name":"wp","href":"https:\/\/api.w.org\/{rel}","templated":true}]}}