{"id":270,"date":"2018-08-19T05:42:33","date_gmt":"2018-08-19T05:42:33","guid":{"rendered":"http:\/\/cltdogadacsie.pl\/?page_id=270"},"modified":"2025-12-31T09:30:16","modified_gmt":"2025-12-31T07:30:16","slug":"diagnoza","status":"publish","type":"page","link":"https:\/\/cltdogadacsie.pl\/?page_id=270","title":{"rendered":"Diagnoza"},"content":{"rendered":"<table style=\"width: 98.8451%; height: 1959px;\" width=\"500\">\n<tbody>\n<tr style=\"background-color: #f0ed54;\">\n<td style=\"width: 789.656px; text-align: center; height: 24px;\" colspan=\"4\">\n<p><span style=\"font-size: 14px;\"><strong>PONI\u017bSZY CENNIK OBOWI\u0104ZUJE OD DNIA 01 stycznia\u00a0 2026 R.<\/strong><\/span><\/p>\n<\/td>\n<\/tr>\n<tr style=\"background-color: #50d4c7;\">\n<td style=\"width: 219.078px; height: 76px;\">\n<p><span style=\"font-size: 14px;\"><strong>DIAGNOZA<\/strong><\/span><\/p>\n<\/td>\n<td style=\"width: 201.812px; height: 76px;\">\n<p><span style=\"font-size: 14px;\"><strong>\u00a0<\/strong><\/span><span style=\"font-size: 14px;\"><strong>OPIS <\/strong><\/span><\/p>\n<\/td>\n<td style=\"width: 84.9062px; height: 76px;\">\n<p style=\"text-align: left;\"><span style=\"font-size: 14px;\"><strong>CENA<\/strong><\/span><\/p>\n<\/td>\n<td style=\"width: 139.859px; height: 76px;\">\n<p><span style=\"font-size: 14px;\"><strong>\u00a0<\/strong><\/span><span style=\"font-size: 14px;\"><strong>TERMIN<\/strong><\/span><\/p>\n<\/td>\n<\/tr>\n<tr style=\"height: 88px;\">\n<td style=\"width: 219.078px; height: 88px;\">\n<p><span style=\"font-size: 14px;\"><strong>\u00a0diagnoza logopedyczna<\/strong><\/span><\/p>\n<\/td>\n<td style=\"width: 201.812px; height: 88px;\">\n<ul>\n<li><span style=\"font-size: 14px;\">3 x 60 minut &#8211; wywiad, obserwacja, badanie, om\u00f3wienie<\/span><\/li>\n<li><span style=\"font-size: 14px;\"> wydanie pisemnej opinii<\/span><\/li>\n<\/ul>\n<\/td>\n<td style=\"width: 84.9062px; height: 88px;\">\n<p>570 z\u0142<\/p>\n<\/td>\n<td style=\"width: 139.859px; height: 88px;\">\n<p><span style=\"font-size: 14px;\">ustalany indywidualnie<\/span><\/p>\n<\/td>\n<\/tr>\n<tr style=\"height: 269px;\">\n<td style=\"width: 219.078px; height: 10px;\">\n<p><span style=\"font-size: 14px;\"><strong>diagnoza neurologopedyczna<\/strong><\/span><\/p>\n<p><span style=\"font-size: 14px;\"><strong>\u00a0<\/strong><\/span><\/p>\n<p><span style=\"font-size: 14px;\"><strong>\u00a0<\/strong><\/span><\/p>\n<\/td>\n<td style=\"width: 201.812px; height: 10px;\">\n<ul>\n<li><span style=\"font-size: 14px;\">4 x 60 minut &#8211; wywiad, obserwacja, badanie w gabinecie, om\u00f3wienie<\/span><\/li>\n<li><span style=\"font-size: 14px;\"> wydanie pisemnej opinii<\/span><\/li>\n<\/ul>\n<\/td>\n<td style=\"width: 84.9062px; height: 10px;\">\n<p><span style=\"font-size: 14px;\">670 z\u0142<\/span><\/p>\n<p>&nbsp;<\/p>\n<\/td>\n<td style=\"width: 139.859px; height: 10px;\">\n<p><span style=\"font-size: 14px;\">ustalany indywidualnie<\/span><\/p>\n<\/td>\n<\/tr>\n<tr style=\"height: 376px;\">\n<td style=\"width: 219.078px; height: 115px;\">\n<p><span style=\"font-size: 14px;\"><strong>ocena umiej\u0119tno\u015bci komunikacyjnych (diagnoza AAC)<\/strong><\/span><\/p>\n<\/td>\n<td style=\"width: 201.812px; height: 115px;\">\n<ul>\n<li><span style=\"font-size: 14px;\">4 x 60 minut &#8211; wywiad, badania, obserwacja, <\/span><span style=\"font-family: inherit; font-size: 14px;\">om\u00f3wienie wynik\u00f3w<\/span><\/li>\n<li><span style=\"font-size: 14px;\">analiza film\u00f3w przygotowanych zgodnie ze wskaz\u00f3wkami terapeuty<\/span><\/li>\n<li><span style=\"font-size: 14px;\">pisemna opinia<\/span><\/li>\n<\/ul>\n<\/td>\n<td style=\"width: 84.9062px; height: 115px;\">\n<p><span style=\"font-size: 14px;\">720 z\u0142\u00a0<\/span><\/p>\n<p>&nbsp;<\/p>\n<p>&nbsp;<\/p>\n<p>&nbsp;<\/p>\n<\/td>\n<td style=\"width: 139.859px; height: 115px;\">\n<p><span style=\"font-size: 14px;\">ustalany indywidualnie<\/span><\/p>\n<\/td>\n<\/tr>\n<tr style=\"height: 328px;\">\n<td style=\"width: 219.078px; height: 115px;\">\n<p><span style=\"font-size: 14px;\"><strong>obserwacja logopedyczna dla rodzic\u00f3w, kt\u00f3rzy nie s\u0105 pewni, czy powinni skorzysta\u0107 z diagnozy w kierunku zaburze\u0144 ze spektrum autyzmu i zespo\u0142u Aspergera (w tym M-CHAT-R)<\/strong><\/span><\/p>\n<\/td>\n<td style=\"width: 201.812px; height: 115px;\">\n<p><span style=\"font-size: 14px;\">4 x 60 minut\u00a0 ( wywiad,\u00a0 obserwacja w gabinecie,\u00a0 obserwacja w \u015brodowisku domowym\/szkolnym, om\u00f3wienie) + wydanie pisemnej opinii<\/span><\/p>\n<\/td>\n<td style=\"width: 84.9062px; height: 115px;\">\n<p><span style=\"font-size: 14px;\">680 z\u0142<\/span><\/p>\n<p>&nbsp;<\/p>\n<p>&nbsp;<\/p>\n<p>&nbsp;<\/p>\n<\/td>\n<td style=\"width: 139.859px; height: 115px;\">\n<p><span style=\"font-size: 14px;\">ustalany indywidualnie<\/span><\/p>\n<\/td>\n<\/tr>\n<tr style=\"height: 88px;\">\n<td style=\"width: 219.078px; height: 88px;\">\n<p><span style=\"font-size: 14px;\"><strong>M-CHAT-R<\/strong><\/span><\/p>\n<\/td>\n<td style=\"width: 201.812px; height: 88px;\">\n<p><span style=\"font-size: 14px;\">do 90 minut (spotkanie z rodzicem, om\u00f3wienie)<\/span><\/p>\n<\/td>\n<td style=\"width: 84.9062px; height: 88px;\">\n<p><span style=\"font-size: 14px;\"><span style=\"font-size: 16px;\">250 z\u0142<\/span><\/span><\/p>\n<\/td>\n<td style=\"width: 139.859px; height: 88px;\">\n<p><span style=\"font-size: 14px;\">ustalany indywidualnie<\/span><\/p>\n<\/td>\n<\/tr>\n<tr style=\"height: 256px;\">\n<td style=\"width: 219.078px; height: 63px;\">\n<p><span style=\"font-size: 14px;\"><strong>Profil psychoedukacyjny PEP-R (dzieci)<\/strong><\/span><\/p>\n<p>&nbsp;<\/p>\n<\/td>\n<td style=\"width: 201.812px; height: 63px;\">\n<ul>\n<li><span style=\"font-size: 14px;\">4 x 60 minut\u00a0 &#8211; wywiad,\u00a0 pr\u00f3by testu, om\u00f3wienie<\/span><\/li>\n<li><span style=\"font-size: 14px;\">\u00a0 wydanie pisemnej opinii<\/span><\/li>\n<\/ul>\n<\/td>\n<td style=\"width: 84.9062px; height: 63px;\">\n<p><span style=\"font-size: 14px;\">650 z\u0142<\/span><\/p>\n<p>&nbsp;<\/p>\n<p>&nbsp;<\/p>\n<\/td>\n<td style=\"width: 139.859px; height: 63px;\">\n<p><span style=\"font-size: 14px;\">ustalany indywidualnie<\/span><\/p>\n<\/td>\n<\/tr>\n<tr style=\"height: 160px;\">\n<td style=\"width: 219.078px; height: 97px;\">\n<p><span style=\"font-size: 14px;\"><strong>\u00a0ADI-R<\/strong><\/span><\/p>\n<p><strong>Wywiad do Diagnozy Autyzmu \u2013 wersja zrewidowana<\/strong><\/p>\n<p><span style=\"font-size: 14px;\"><strong>\u00a0<\/strong><\/span><\/p>\n<\/td>\n<td style=\"width: 201.812px; height: 97px;\">\n<ul>\n<li><span style=\"font-size: 14px;\">4 x 60 minut &#8211; wywiad do 3 godz., <\/span><span style=\"font-family: inherit; font-size: 14px;\">om\u00f3wienie wynik\u00f3w do 60 min<\/span><\/li>\n<li><span style=\"font-size: 14px;\">przygotowanie sprawozdania<\/span><\/li>\n<li><span style=\"font-size: 14px;\">wywiad dotyczy przede wszystkim trzech sfer funkcjonowania: j\u0119zyka\/komunikowania si\u0119, interakcji spo\u0142ecznych opartych na wzajemno\u015bci oraz sztywnych, powtarzaj\u0105cych si\u0119 i stereotypowych wzorc\u00f3w zachowania i zainteresowa\u0144.<\/span><\/li>\n<\/ul>\n<\/td>\n<td style=\"width: 84.9062px; height: 97px;\">1200 z\u0142<\/td>\n<td style=\"width: 139.859px; height: 97px;\"><span style=\"font-size: 14px;\">ustalany indywidualnie<\/span><\/td>\n<\/tr>\n<tr style=\"height: 184px;\">\n<td style=\"width: 219.078px; height: 145px;\">\n<p><span style=\"font-size: 14px;\"><strong>ADOS-2<\/strong><\/span><\/p>\n<\/td>\n<td style=\"width: 201.812px; height: 145px;\">\n<ul>\n<li><span style=\"font-size: 14px;\">2 x 60 minut &#8211; badanie, <\/span><span style=\"font-family: inherit; font-size: 14px;\">om\u00f3wienie wynik\u00f3w<\/span><\/li>\n<li><span style=\"font-size: 14px;\">przygotowanie sprawozda\u0144<\/span><\/li>\n<li><span style=\"font-size: 14px;\">od 12 m. \u017c. dziecka, m\u0142odzie\u017c, doro\u015bli<\/span><\/li>\n<\/ul>\n<\/td>\n<td style=\"width: 84.9062px; height: 145px;\">1200 z\u0142<\/td>\n<td style=\"width: 139.859px; height: 145px;\"><span style=\"font-size: 14px;\">ustalany indywidualnie<\/span><\/td>\n<\/tr>\n<tr style=\"height: 112px;\">\n<td style=\"width: 219.078px; height: 112px;\">\n<p><span style=\"font-size: 14px;\"><strong>PAKIET ADI-R + ADOS-2<\/strong><\/span><\/p>\n<\/td>\n<td style=\"width: 201.812px; height: 112px;\">\n<ul>\n<li><span style=\"font-size: 14px;\"> 5 x 60 minut &#8211; badania, <\/span><span style=\"font-family: inherit; font-size: 14px;\">om\u00f3wienie wynik\u00f3w<\/span><\/li>\n<li><span style=\"font-size: 14px;\">przygotowanie sprawozda\u0144<\/span><\/li>\n<\/ul>\n<\/td>\n<td style=\"width: 84.9062px; height: 112px;\">2100 z\u0142<\/td>\n<td style=\"width: 139.859px; height: 112px;\"><span style=\"font-size: 14px;\">ustalany indywidualnie<\/span><\/td>\n<\/tr>\n<tr style=\"height: 112px;\">\n<td style=\"width: 219.078px; height: 112px;\">\n<p><span style=\"font-size: 14px;\"><strong>PAKIET ADI-R + ADOS-2 + DIAGNOZA NEUROLOGOPEDYCZNA<\/strong><\/span><\/p>\n<\/td>\n<td style=\"width: 201.812px; height: 112px;\">\n<ul>\n<li><span style=\"font-size: 14px;\">\u00a06 x 60 minut &#8211; wywiad, badania, <\/span><span style=\"font-family: inherit; font-size: 14px;\">om\u00f3wienie wynik\u00f3w<\/span><\/li>\n<li><span style=\"font-size: 14px;\">przygotowanie sprawozda\u0144 i opinii<\/span><\/li>\n<li><span style=\"font-size: 14px;\">om\u00f3wienie wynik\u00f3w<\/span><\/li>\n<li><span style=\"font-size: 14px;\">od 12 m. \u017c. dziecka, m\u0142odzie\u017c, doro\u015bli<\/span><\/li>\n<\/ul>\n<\/td>\n<td style=\"width: 84.9062px; height: 112px;\">2600 z\u0142<\/td>\n<td style=\"width: 139.859px; height: 112px;\"><span style=\"font-size: 14px;\">ustalany indywidualnie<\/span><\/td>\n<\/tr>\n<tr style=\"height: 328px;\">\n<td style=\"width: 219.078px; height: 328px;\">\n<p><span style=\"font-size: 14px;\"><strong>DIAGNOZA MIOFUNKCJONALNA<\/strong><\/span><\/p>\n<p><strong>DIAGNOZA ZABURZE\u0143 PRZYJMOWANIA POKARM\u00d3W (w tym dysfagii)<\/strong><\/p>\n<p><strong>DIAGNOZA NEUROPOZNAWCZA Z WYKORZYSTANIEM C-EYE X<\/strong><\/p>\n<\/td>\n<td style=\"width: 201.812px; height: 328px;\"><span style=\"font-size: 14px;\">SZCZEG\u00d3\u0141Y W ZAK\u0141ADKACH DEDYKOWANYCH<\/span><\/td>\n<td style=\"width: 84.9062px; height: 328px;\">\u00a0<\/td>\n<td style=\"width: 139.859px; height: 328px;\"><span style=\"font-size: 14px;\">\u00a0<\/span><\/td>\n<\/tr>\n<tr style=\"height: 240px;\">\n<td style=\"width: 219.078px; height: 240px;\">\n<p><strong style=\"font-family: inherit; font-size: 14px;\">WYDANIE PISEMNEJ OPINII LOGOPEDYCZNEJ\/ <\/strong><strong style=\"font-family: inherit; font-size: 14px;\">NEUROLOGOPEDYCZNEJ<\/strong><strong style=\"font-family: inherit; font-size: 14px;\"> W TRAKCIE TERAPII<\/strong><\/p>\n<\/td>\n<td style=\"width: 201.812px; height: 240px;\">Opinia wydawana jest na podstawie diagnozy wst\u0119pnej oraz obserwacji dziecka w czasie zaj\u0119\u0107.\u00a0 Obowi\u0105zuj\u0105 2 dodatkowo p\u0142atne spotkania diagnostycznych\/konsultacji (2 x 60 minut)<\/td>\n<td style=\"width: 84.9062px; height: 240px;\">\n<p><span style=\"font-size: 14px;\"><span style=\"font-size: 16px;\">200<\/span> Z\u0141<\/span><\/p>\n<p>(plus op\u0142ata za dodatkowe konsultacje, zgodnie z cennikiem)<\/p>\n<\/td>\n<td style=\"width: 139.859px; height: 240px;\">\n<p><span style=\"font-size: 14px;\"><strong>W CI\u0104GU 14 DNI OD OSTATNIEGO\u00a0 SPOTKANIA REALIZOWANEGO W RAMACH US\u0141UGI PRZYGOTOWANIA OPINII<\/strong><\/span><\/p>\n<\/td>\n<\/tr>\n<tr style=\"height: 232px;\">\n<td style=\"width: 219.078px; height: 202px;\">\n<p><strong style=\"font-family: inherit; font-size: 14px;\"><strong style=\"font-size: 16px;\">WYDANIE PISEMNEJ INFORMACJI O PRZEBIEGU TERAPII <strong>LOGOPEDYCZNEJ\/ NEUROLOGOPEDYCZNEJ <\/strong>I REALIZOWANYCH ELEMENTACH TERAPII<\/strong><br \/>\n<\/strong><\/p>\n<\/td>\n<td style=\"width: 201.812px; height: 202px;\">Dokument wydawany jest na podstawie\u00a0 obserwacji dziecka w czasie zaj\u0119\u0107, realizacji programu<\/td>\n<td style=\"width: 84.9062px; height: 202px;\">\n<p><span style=\"font-size: 14px;\"><span style=\"font-size: 16px;\">200<\/span> z\u0142<\/span><\/p>\n<\/td>\n<td style=\"width: 139.859px; height: 202px;\">\n<p><span style=\"font-size: 14px;\"><strong>W CI\u0104GU 14 DNI\u00a0 OD MOMENTU\u00a0 Z\u0141O\u017bENIU WNIOSKU\u00a0\u00a0<\/strong><\/span><\/p>\n<\/td>\n<\/tr>\n<tr style=\"height: 144px;\">\n<td style=\"width: 219.078px; height: 144px;\">\n<p><strong style=\"font-family: inherit; font-size: 14px;\">WYDANIE ZA\u015aWIADCZENIA O UDZIALE W TERAPII <strong>LOGOPEDYCZNEJ\/ NEUROLOGOPEDYCZNEJ <\/strong>\/INNE<\/strong><\/p>\n<\/td>\n<td style=\"width: 201.812px; height: 144px;\">Za\u015bwiadczenie wydawane jest celem przed\u0142o\u017cenia w stosownych instytucjach<\/td>\n<td style=\"width: 84.9062px; height: 144px;\">\n<p><span style=\"font-size: 14px;\">50 z\u0142<\/span><\/p>\n<\/td>\n<td style=\"width: 139.859px; height: 144px;\">\n<p><span style=\"font-size: 14px;\"><strong>W CIAGU 7 DNI OD Z\u0141O\u017bENIA WNIOSKU<\/strong><\/span><\/p>\n<\/td>\n<\/tr>\n<\/tbody>\n<\/table>\n<p>Aktualizacja: obowi\u0105zuje od dnia 01.01.26 r.\u00a0<\/p>\n","protected":false},"excerpt":{"rendered":"<p>PONI\u017bSZY CENNIK OBOWI\u0104ZUJE OD DNIA 01 stycznia\u00a0 2026 R. DIAGNOZA \u00a0OPIS CENA \u00a0TERMIN \u00a0diagnoza logopedyczna 3 x 60 minut &#8211; wywiad, obserwacja, badanie, om\u00f3wienie wydanie pisemnej opinii 570 z\u0142 ustalany indywidualnie diagnoza neurologopedyczna \u00a0 \u00a0 4 x 60 minut &#8211; &hellip; <a href=\"https:\/\/cltdogadacsie.pl\/?page_id=270\">Czytaj dalej <span class=\"meta-nav\">&rarr;<\/span><\/a><\/p>\n","protected":false},"author":2,"featured_media":0,"parent":0,"menu_order":0,"comment_status":"closed","ping_status":"closed","template":"","meta":{"sfsi_plus_gutenberg_text_before_share":"","sfsi_plus_gutenberg_show_text_before_share":"","sfsi_plus_gutenberg_icon_type":"","sfsi_plus_gutenberg_icon_alignemt":"","sfsi_plus_gutenburg_max_per_row":"","footnotes":""},"class_list":["post-270","page","type-page","status-publish","hentry"],"_links":{"self":[{"href":"https:\/\/cltdogadacsie.pl\/index.php?rest_route=\/wp\/v2\/pages\/270","targetHints":{"allow":["GET"]}}],"collection":[{"href":"https:\/\/cltdogadacsie.pl\/index.php?rest_route=\/wp\/v2\/pages"}],"about":[{"href":"https:\/\/cltdogadacsie.pl\/index.php?rest_route=\/wp\/v2\/types\/page"}],"author":[{"embeddable":true,"href":"https:\/\/cltdogadacsie.pl\/index.php?rest_route=\/wp\/v2\/users\/2"}],"replies":[{"embeddable":true,"href":"https:\/\/cltdogadacsie.pl\/index.php?rest_route=%2Fwp%2Fv2%2Fcomments&post=270"}],"version-history":[{"count":48,"href":"https:\/\/cltdogadacsie.pl\/index.php?rest_route=\/wp\/v2\/pages\/270\/revisions"}],"predecessor-version":[{"id":2880,"href":"https:\/\/cltdogadacsie.pl\/index.php?rest_route=\/wp\/v2\/pages\/270\/revisions\/2880"}],"wp:attachment":[{"href":"https:\/\/cltdogadacsie.pl\/index.php?rest_route=%2Fwp%2Fv2%2Fmedia&parent=270"}],"curies":[{"name":"wp","href":"https:\/\/api.w.org\/{rel}","templated":true}]}}