{"id":300,"date":"2018-08-19T06:03:49","date_gmt":"2018-08-19T06:03:49","guid":{"rendered":"http:\/\/cltdogadacsie.pl\/?page_id=300"},"modified":"2025-12-31T11:16:28","modified_gmt":"2025-12-31T09:16:28","slug":"szkolenia-2","status":"publish","type":"page","link":"https:\/\/cltdogadacsie.pl\/?page_id=300","title":{"rendered":"Szkolenia"},"content":{"rendered":"<p style=\"text-align: center;\"><strong>REGULAMIN \u00a0SZKOLE\u0143 I WARSZTAT\u00d3W<\/strong><\/p>\n<ol style=\"text-align: justify;\">\n<li>Organizatorem szkole\u0144 i warsztat\u00f3w jest Centrum Logopedyczno-Terapeutyczne \u201eDogada\u0107 si\u0119\u201d Katarzyna Czechowicz-Go\u0142aszewska z siedzib\u0105 przy ul. Potockiego 143, 96-313 Budy-Grzybek, NIP 9482008713\u00a0 Regon 147357969.<\/li>\n<li>Szkolenia odbywaj\u0105 si\u0119 w Budach-Grzybek ul. Potockiego 143 lub w miejscu wskazanym przez Organizatora lub online na wskazanej platformie.<\/li>\n<li>\n<p>CLT \u201eDogada\u0107 si\u0119\u201d jest samodzieln\u0105 instytucj\u0105 organizuj\u0105c\u0105 warsztaty, szkolenia, webinary (cz\u0119sto o charakterze autorskim), praktyki (bez wpisu do rejestru instytucji szkoleniowych oraz plac\u00f3wek szkoleniowych nauczycieli w nawi\u0105zaniu do Rozporz\u0105dzenia Ministra Gospodarki i Pracy z dnia 27 pa\u017adziernika 2004 r. w sprawie rejestru instytucji szkoleniowych (Dz.U. 2004 nr 236 poz. 2365) oraz Rozporz\u0105dzenie Ministra Edukacji Narodowej z dnia 28 maja 2019 r. w sprawie plac\u00f3wek doskonalenia nauczycieli, (Dz.U. 2019 poz. 1045).<\/p>\n<\/li>\n<li>\n<p>Szkolenia\/warsztaty decyzj\u0105 Organizatora mog\u0105 odbywa\u0107 si\u0119 w formie bezp\u0142atnych lub p\u0142atnych spotka\u0144. Warunkiem udzia\u0142u w warsztatach bezp\u0142atnych jest brak zobowi\u0105za\u0144 finansowych wobec Organizatora (dotyczy np. zaleg\u0142o\u015bci w op\u0142atach za terapi\u0119).\u00a0<\/p>\n<\/li>\n<li>W przypadku szkole\u0144\/warsztat\u00f3w stacjonarnych i online powy\u017cej 3 jednostek dydaktycznych, je\u015bli Organizator nie ustali inaczej, zg\u0142oszenie na szkolenie lub warsztaty odbywa si\u0119 przez przes\u0142anie na adres mailowy kczechowicz@gmail.com informacji o ch\u0119ci udzia\u0142u w szkoleniu, a nast\u0119pnie, po otrzymaniu formularza zg\u0142oszeniowego i klauzuli RODO, wype\u0142nieniu ich i odes\u0142aniu pod wskazany adres mailowy.\u00a0<\/li>\n<li>Po dokonaniu formalno\u015bci nale\u017cy wp\u0142aci\u0107 zadatek &#8211; jest to warunek rezerwacji miejsca na szkoleniu.\u00a0<\/li>\n<li>Uiszczenie pe\u0142nej op\u0142aty jest warunkiem udzia\u0142u w szkoleniu. Wp\u0142ata powinna zosta\u0107 uiszczona nie p\u00f3\u017aniej ni\u017c 14 dni przed rozpocz\u0119ciem szkolenia. Cena (w tym warto\u015b\u0107 zadatku) oraz termin wysy\u0142ania zg\u0142osze\u0144 ustalana jest indywidualnie dla ka\u017cdego szkolenia. Uczestnicy szkole\u0144 otrzymuj\u0105 drog\u0105 mailow\u0105 niezb\u0119dne informacje oraz potwierdzenie o przyj\u0119ciu zg\u0142oszenia na szkolenie\/warsztaty. Brak dope\u0142nienia formalno\u015bci w okre\u015blonym terminie skutkuje przesuni\u0119ciem na list\u0119 rezerwow\u0105 lub wykre\u015bleniem z listy uczestnik\u00f3w.<\/li>\n<\/ol>\n<p style=\"text-align: justify;\"><strong>Dane do przelewu<\/strong><\/p>\n<p style=\"text-align: justify;\">CLT \u201eDOGADA\u0106 SI\u0118\u201d KATARZYNA CZECHOWICZ-GO\u0141ASZEWSKA<\/p>\n<p>ul. Potockiego 143<\/p>\n<p style=\"text-align: justify;\">96-313 Budy-Grzybek\u00a0<\/p>\n<p style=\"text-align: justify;\">Pekao SA. 38 1240 3350 1111 0010 8460 1385<\/p>\n<p style=\"text-align: justify;\">Tytu\u0142em: nazwisko i imi\u0119 osoby zg\u0142aszaj\u0105cej si\u0119 na szkolenie, termin, tytu\u0142 szkolenia\u00a0 \u00a0 \u00a0 \u00a0 \u00a0 \u00a0 \u00a0\u00a0Op\u0142ata za szkolenie\/kurs podana jest w z\u0142otych polskich.<\/p>\n<p>Faktury wystawiane s\u0105 na \u017cyczenie.\u00a0<\/p>\n<ol style=\"text-align: justify;\" start=\"6\">\n<li>Rezygnacj\u0119 ze szkolenia nale\u017cy zg\u0142osi\u0107 drog\u0105 mailow\u0105 na adres\u00a0kczechowicz@gmail.com w tytule wpisuj\u0105c REZYGNACJA- NAZWA SZKOLENIA.<\/li>\n<li style=\"text-align: justify;\">W sytuacji rezygnacji ze szkolenia powy\u017cej 14 dni od daty planowanego szkolenia<br \/>\nkandydatowi przys\u0142uguje pe\u0142ny zwrot poniesionych koszt\u00f3w. W przypadku rezygnacji 7-14 dni od daty planowanego szkolenia kwota zwrotu zostaje pomniejszona o warto\u015b\u0107 zadatku. Rezygnacja w terminie poni\u017cej\u00a07 dni od daty szkolenia nie umo\u017cliwia zwrotu koszt\u00f3w.<\/li>\n<li>Uczestnikowi, kt\u00f3ry nie zg\u0142osi\u0142 si\u0119 na szkolenie, nie poinformowa\u0142 o rezygnacji wg zapis\u00f3w Regulaminu nie nale\u017cy si\u0119 zwrot op\u0142aty za szkolenie.<\/li>\n<li>W przypadku rezygnacji z udzia\u0142u ze szkolenia po jego rozpocz\u0119ciu, uiszczone op\u0142aty nie podlegaj\u0105 zwrotowi.\u00a0<\/li>\n<li>Ewentualny zwrot wp\u0142aty za szkolenie\/warsztaty odbywa si\u0119 na konto bankowe wskazane przez Uczestnika.<\/li>\n<li>W przypadku szkole\u0144\/warsztat\u00f3w stacjonarnych i online do 3 jednostek dydaktycznych, je\u015bli Organizator nie ustali inaczej, zg\u0142oszenie na szkolenie lub warsztaty odbywa si\u0119 przez przes\u0142anie na adres mailowy kczechowicz@gmail.com informacji o ch\u0119ci udzia\u0142u w szkoleniu. Po zebraniu grupy lub zgodnie z terminem przyjmowanych zg\u0142osze\u0144, osoby zainteresowane otrzymuj\u0105 wiadomo\u015b\u0107 mailow\u0105 potwierdzaj\u0105c\u0105 udzia\u0142 w szkoleniu i informacj\u0119 o konieczno\u015bci dokonania op\u0142aty. Brak op\u0142aty skutkuje wykre\u015bleniem z listy uczestnik\u00f3w. Rezygnacje ze szkole\u0144 opisanych w niniejszym punkcie przyjmowane s\u0105 do godz. 8.00 w dniu poprzedzaj\u0105cym szkolenie. W przypadku rezygnacji z udzia\u0142u ze szkolenia po wyznaczonym terminie lub braku informacji o rezygnacji, uiszczone op\u0142aty nie podlegaj\u0105 zwrotowi.\u00a0<\/li>\n<li>Istnieje mo\u017cliwo\u015b\u0107 zam\u00f3wienia szkolenia indywidualnego (dotycz\u0105cego okre\u015blonego tematu), realizowanego na \u017cyczenie w formie stacjonarnej lub online przy u\u017cyciu Teams Microsoft lub innej wskazanej przez organizatora platformy.\u00a0<\/li>\n<li>Po przes\u0142aniu maila informuj\u0105cego o ch\u0119ci udzia\u0142u w szkoleniu uczestnicy otrzymuj\u0105 formularz, kt\u00f3ry wype\u0142niony nale\u017cy odes\u0142a\u0107 na adres kczechowicz@gmail.com<\/li>\n<li>Dokonanie op\u0142aty za szkolenie online oraz odes\u0142anie wype\u0142nionego formularza jest potwierdzeniem udzia\u0142u w szkoleniu.\u00a0<\/li>\n<li>Warunkiem udzia\u0142u w sesji indywidualnej w formie online jest nawi\u0105zanie po\u0142\u0105czenia za po\u015brednictwem wskazanej platformy lub programu Teams Microsoft (bezp\u0142atny) z u\u017cytkownikiem o nazwie Katarzyna Czechowicz-Go\u0142aszewska live:.cid.26c26d20555a1f8d w terminie sesji szkoleniowej lub podanie nazwy u\u017cytkownika Teams Microsoft, z kt\u00f3rym prowadz\u0105cy \u0142\u0105czy si\u0119 podczas sesji szkoleniowej.\u00a0<\/li>\n<li>W przypadku wyst\u0105pienia problem\u00f3w technicznych (np. brak pr\u0105du, zasi\u0119gu) ka\u017cda ze Stron obowi\u0105zana jest niezw\u0142ocznie poinformowa\u0107 drug\u0105 Stron\u0119, W takim przypadku spotkanie zostanie prze\u0142o\u017cone na inny termin.<\/li>\n<li>W przypadku braku po\u0142\u0105czenia ze strony Uczestnika szkolenia\/warsztat\u00f3w w um\u00f3wionym terminie, z przyczyn innych ni\u017c wskazane w pkt. 13 op\u0142acona sesja szkoleniowa nie zostaje prze\u0142o\u017cona na inny termin.<\/li>\n<li>Organizator zastrzega sobie prawo mo\u017cliwo\u015bci zmiany terminu, miejsca szkolenia\/warsztat\u00f3w lub odwo\u0142ania wydarzenia np. w przypadku sytuacji losowych (choroba, kl\u0119ska \u017cywio\u0142owa, itp.) lub zg\u0142oszenia zbyt ma\u0142ej ilo\u015bci uczestnik\u00f3w \u2013 o czym zg\u0142oszeni Uczestnicy szkole\u0144\/warsztat\u00f3w zostaj\u0105 niezw\u0142ocznie poinformowani.<\/li>\n<li>W przypadku, gdy szkolenie\/ warsztaty zostan\u0105 odwo\u0142ane przez Organizatora a Uczestnik, nie zaakceptuje nowego terminu lub miejsca w\u00f3wczas ca\u0142a wp\u0142acona kwota zostanie Uczestnikowi zwr\u00f3cona.<\/li>\n<li>Praktyki realizowane s\u0105 w formie p\u0142atnej (np. w opcji p\u0142atnego szkolenia z praktykami, tygodnia szkoleniowego lub innej formy zaproponowanej przez organizatora dla os\u00f3b po uko\u0144czonych studiach logopedycznych) lub bezp\u0142atnej (dla student\u00f3w kierunku logopedia\/neurologopedia ze skierowaniem z uczelni).\u00a0<\/li>\n<li>Praktyki odbywaj\u0105 si\u0119 w CLT \u201eDogada\u0107 si\u0119\u201d w Budach-Grzybek lub innym miejscu wskazanym wcze\u015bniej przez Organizatora. Organizator zastrzega sobie prawo mo\u017cliwo\u015bci zmiany terminu, miejsca praktyk lub odwo\u0142ania wydarzenia np. w przypadku nieobecno\u015bci um\u00f3wionych wcze\u015bniej pacjent\u00f3w. W ww. sytuacji, za zgod\u0105 uczestnika szkole\u0144\/praktyk dopuszcza si\u0119 prac\u0119 na materiale filmowym.\u00a0<\/li>\n<li>W cen\u0119 szkolenia wliczone s\u0105 materia\u0142y szkoleniowe, za\u015bwiadczenia, potwierdzaj\u0105ce uczestnictwo w szkoleniu oraz pocz\u0119stunek. Dojazd oraz noclegi Uczestnik\u00f3w nie s\u0105 op\u0142acane przez Organizatora szkole\u0144.<\/li>\n<li>Wydane za\u015bwiadczenia potwierdzaj\u0105 udzia\u0142 w szkoleniu, nie s\u0105 to dokumenty wydawane na mocy Rozporz\u0105dzenia Ministra Edukacji i Nauki z dnia 3 lutego 2006 r.\u00a0<\/li>\n<li>W przypadku szkole\u0144 online materia\u0142y i za\u015bwiadczenia s\u0105 przesy\u0142ane drog\u0105 mailow\u0105. Istnieje mo\u017cliwo\u015b\u0107 wys\u0142ania za\u015bwiadczenia w formie wydrukowanej za dodatkow\u0105 op\u0142at\u0105<\/li>\n<li>Uczestnicy wszystkich rodzaj\u00f3w szkole\u0144\/warsztat\u00f3w zobowi\u0105zuj\u0105 si\u0119 do, nienagrywania sesji szkoleniowych i wykorzystania przes\u0142anych materia\u0142\u00f3w wy\u0142\u0105cznie do cel\u00f3w w\u0142asnych<\/li>\n<li>Terminy szkole\u0144 podane s\u0105 na stronie internetowej Organizatora<\/li>\n<li>Czas szkole\u0144\/warsztat\u00f3w ustalany jest indywidualnie dla ka\u017cdego szkolenia\/warsztat\u00f3w (godzina dydaktyczna lub zegarowa).<\/li>\n<li>Ilo\u015b\u0107 uczestnik\u00f3w szkolenia\/warsztat\u00f3w jest regulowana przez Organizatora. W przypadku szkole\u0144 grupowych obowi\u0105zuje zebranie minimalnej liczby os\u00f3b tj. 4. (chyba, \u017ce Organizator zdecyduje inaczej).<\/li>\n<li>Uczestnik zobowi\u0105zany jest przestrzega\u0107 punktualno\u015bci, polece\u0144 prowadz\u0105cego zaj\u0119cia oraz aktywnie uczestniczy\u0107 w zaj\u0119ciach. Uczestnik zobowi\u0105zany jest do uczestnictwa w 100% przewidzianych zaj\u0119\u0107. W przypadku nieobecno\u015bci Uczestnika na zaj\u0119ciach z przyczyn niezale\u017cnych od Organizatora, Organizator nie jest zobowi\u0105zany do zwrotu pieni\u0119dzy za niewykorzystan\u0105 us\u0142ug\u0119 oraz do zaproponowania innego terminu us\u0142ugi, kt\u00f3ra nie zosta\u0142a wykorzystana.<\/li>\n<li>Prawa autorskie do materia\u0142\u00f3w szkoleniowych przys\u0142uguj\u0105 Katarzynie Czechowicz-Go\u0142aszewskiej. Zgodnie z ustaw\u0105 o prawie autorskim i prawach pokrewnych zabrania si\u0119 nagrywania szkole\u0144 bez zgody Prowadz\u0105cego oraz kopiowania materia\u0142\u00f3w autorskich.<\/li>\n<li>Szkolenia i warsztaty\u00a0 przeprowadzane w Centrum maj\u0105 charakter kurs\u00f3w doskonal\u0105cych co oznacza, \u017ce wiedz\u0119 z nich wyniesion\u0105 mo\u017cna wykorzystywa\u0107\u00a0wy\u0142\u0105cznie\u00a0do pracy w\u0142asnej. Nie uprawniaj\u0105 do prowadzenia szkole\u0144 dla innych os\u00f3b\/ grup zorganizowanych.<\/li>\n<li>Organizator zastrzega sobie prawo do wykorzystywania zdj\u0119\u0107 wykonanych podczas szkole\u0144 stacjonarnych do cel\u00f3w w\u0142asnych (m.in. zamieszczenia na stronie internetowej lub stronie FB). Organizator nie wykonuje zdj\u0119\u0107 i nagra\u0144 podczas szkole\u0144 online.\u00a0<\/li>\n<li>Zg\u0142oszenie Uczestnika na szkolenie jest jednoznaczne z zapoznaniem si\u0119 z Regulaminem szkole\u0144 i warsztat\u00f3w oraz akceptacj\u0105 jego warunk\u00f3w.<\/li>\n<li>Uczestnik rejestruj\u0105cy si\u0119 na szkolenie\/warsztaty wyra\u017ca zgod\u0119 na przetwarzanie swoich danych osobowych dla potrzeb niezb\u0119dnych do realizacji umowy oraz na przesy\u0142anie aktualnej oferty szkoleniowej przygotowanej przez Centrum Logopedyczno-Terapeutyczne \u201eDogada\u0107 si\u0119\u201d Katarzyna Czechowicz-Go\u0142aszewska (zgodnie z Ustaw\u0105 z dnia 29.08.1997 roku o Ochronie Danych Osobowych)<\/li>\n<li>Zg\u0142oszenie Uczestnika na szkolenie jest jednoznaczne z zapoznaniem si\u0119 z zapisami klauzuli RODO i akceptacj\u0105 jej warunk\u00f3w.<\/li>\n<li>Retencja danych osobowych dla szkole\u0144 wynosi 6 lat od dnia zako\u0144czenia szkolenia<\/li>\n<li>Organizator zastrzega sobie mo\u017cliwo\u015b\u0107 zmiany niniejszego Regulaminu. Zmiana zostanie niezw\u0142ocznie podana do wiadomo\u015bci Klient\u00f3w, poprzez og\u0142oszenie na stronie internetowej Organizatora.<\/li>\n<\/ol>\n<p style=\"text-align: justify;\">aktualizacja: obowi\u0105zuje od dnia\u00a0 01.01.26<\/p>\n<p style=\"text-align: justify;\">\u00a0<\/p>\n","protected":false},"excerpt":{"rendered":"<p>REGULAMIN \u00a0SZKOLE\u0143 I WARSZTAT\u00d3W Organizatorem szkole\u0144 i warsztat\u00f3w jest Centrum Logopedyczno-Terapeutyczne \u201eDogada\u0107 si\u0119\u201d Katarzyna Czechowicz-Go\u0142aszewska z siedzib\u0105 przy ul. Potockiego 143, 96-313 Budy-Grzybek, NIP 9482008713\u00a0 Regon 147357969. Szkolenia odbywaj\u0105 si\u0119 w Budach-Grzybek ul. Potockiego 143 lub w miejscu wskazanym przez &hellip; <a href=\"https:\/\/cltdogadacsie.pl\/?page_id=300\">Czytaj dalej <span class=\"meta-nav\">&rarr;<\/span><\/a><\/p>\n","protected":false},"author":2,"featured_media":0,"parent":0,"menu_order":0,"comment_status":"closed","ping_status":"closed","template":"","meta":{"sfsi_plus_gutenberg_text_before_share":"","sfsi_plus_gutenberg_show_text_before_share":"","sfsi_plus_gutenberg_icon_type":"","sfsi_plus_gutenberg_icon_alignemt":"","sfsi_plus_gutenburg_max_per_row":"","footnotes":""},"class_list":["post-300","page","type-page","status-publish","hentry"],"_links":{"self":[{"href":"https:\/\/cltdogadacsie.pl\/index.php?rest_route=\/wp\/v2\/pages\/300","targetHints":{"allow":["GET"]}}],"collection":[{"href":"https:\/\/cltdogadacsie.pl\/index.php?rest_route=\/wp\/v2\/pages"}],"about":[{"href":"https:\/\/cltdogadacsie.pl\/index.php?rest_route=\/wp\/v2\/types\/page"}],"author":[{"embeddable":true,"href":"https:\/\/cltdogadacsie.pl\/index.php?rest_route=\/wp\/v2\/users\/2"}],"replies":[{"embeddable":true,"href":"https:\/\/cltdogadacsie.pl\/index.php?rest_route=%2Fwp%2Fv2%2Fcomments&post=300"}],"version-history":[{"count":47,"href":"https:\/\/cltdogadacsie.pl\/index.php?rest_route=\/wp\/v2\/pages\/300\/revisions"}],"predecessor-version":[{"id":2902,"href":"https:\/\/cltdogadacsie.pl\/index.php?rest_route=\/wp\/v2\/pages\/300\/revisions\/2902"}],"wp:attachment":[{"href":"https:\/\/cltdogadacsie.pl\/index.php?rest_route=%2Fwp%2Fv2%2Fmedia&parent=300"}],"curies":[{"name":"wp","href":"https:\/\/api.w.org\/{rel}","templated":true}]}}