{"id":532,"date":"2018-09-28T07:53:09","date_gmt":"2018-09-28T07:53:09","guid":{"rendered":"http:\/\/cltdogadacsie.pl\/?page_id=532"},"modified":"2019-08-09T13:30:03","modified_gmt":"2019-08-09T13:30:03","slug":"turnusy-logopedyczne","status":"publish","type":"page","link":"https:\/\/cltdogadacsie.pl\/?page_id=532","title":{"rendered":"Turnusy logopedyczne"},"content":{"rendered":"<p>Turnusy logopedyczne\/ neurologopedyczne dost\u0119pne s\u0105 w dw\u00f3ch formach:\u00a0<\/p>\n<ol>\n<li>turnus stacjonarny &#8211; zaj\u0119cia odbywaj\u0105 si\u0119 w Budach-Grzybek na terenie Centrum Logopedyczno-Terapeutycznego &#8222;Dogada\u0107 si\u0119&#8221;. Maj\u0105 charakter indywidualnych zaj\u0119\u0107 z dzieckiem i\/lub rodzicem.\u00a0<\/li>\n<li>turnus wyjazdowy &#8211; organizowany na terenie Polski w dostosowanych do naszych potrzeb o\u015brodkach.\u00a0<\/li>\n<\/ol>\n","protected":false},"excerpt":{"rendered":"<p>Turnusy logopedyczne\/ neurologopedyczne dost\u0119pne s\u0105 w dw\u00f3ch formach:\u00a0 turnus stacjonarny &#8211; zaj\u0119cia odbywaj\u0105 si\u0119 w Budach-Grzybek na terenie Centrum Logopedyczno-Terapeutycznego &#8222;Dogada\u0107 si\u0119&#8221;. Maj\u0105 charakter indywidualnych zaj\u0119\u0107 z dzieckiem i\/lub rodzicem.\u00a0 turnus wyjazdowy &#8211; organizowany na terenie Polski w dostosowanych do &hellip; <a href=\"https:\/\/cltdogadacsie.pl\/?page_id=532\">Czytaj dalej <span class=\"meta-nav\">&rarr;<\/span><\/a><\/p>\n","protected":false},"author":2,"featured_media":0,"parent":0,"menu_order":0,"comment_status":"closed","ping_status":"closed","template":"","meta":{"sfsi_plus_gutenberg_text_before_share":"","sfsi_plus_gutenberg_show_text_before_share":"","sfsi_plus_gutenberg_icon_type":"","sfsi_plus_gutenberg_icon_alignemt":"","sfsi_plus_gutenburg_max_per_row":"","footnotes":""},"class_list":["post-532","page","type-page","status-publish","hentry"],"_links":{"self":[{"href":"https:\/\/cltdogadacsie.pl\/index.php?rest_route=\/wp\/v2\/pages\/532","targetHints":{"allow":["GET"]}}],"collection":[{"href":"https:\/\/cltdogadacsie.pl\/index.php?rest_route=\/wp\/v2\/pages"}],"about":[{"href":"https:\/\/cltdogadacsie.pl\/index.php?rest_route=\/wp\/v2\/types\/page"}],"author":[{"embeddable":true,"href":"https:\/\/cltdogadacsie.pl\/index.php?rest_route=\/wp\/v2\/users\/2"}],"replies":[{"embeddable":true,"href":"https:\/\/cltdogadacsie.pl\/index.php?rest_route=%2Fwp%2Fv2%2Fcomments&post=532"}],"version-history":[{"count":9,"href":"https:\/\/cltdogadacsie.pl\/index.php?rest_route=\/wp\/v2\/pages\/532\/revisions"}],"predecessor-version":[{"id":1002,"href":"https:\/\/cltdogadacsie.pl\/index.php?rest_route=\/wp\/v2\/pages\/532\/revisions\/1002"}],"wp:attachment":[{"href":"https:\/\/cltdogadacsie.pl\/index.php?rest_route=%2Fwp%2Fv2%2Fmedia&parent=532"}],"curies":[{"name":"wp","href":"https:\/\/api.w.org\/{rel}","templated":true}]}}