{"id":609,"date":"2018-10-28T18:52:28","date_gmt":"2018-10-28T18:52:28","guid":{"rendered":"http:\/\/cltdogadacsie.pl\/?page_id=609"},"modified":"2026-04-17T10:04:55","modified_gmt":"2026-04-17T08:04:55","slug":"turnus-stacjonarny","status":"publish","type":"page","link":"https:\/\/cltdogadacsie.pl\/?page_id=609","title":{"rendered":"Turnus stacjonarny"},"content":{"rendered":"<p style=\"text-align: justify;\"><strong>Turnusy stacjonarny indywidualny \u2013 informacje og\u00f3lne<\/strong><\/p>\n<p>Centrum Logopedyczno-Terapeutyczne \u201eDogada\u0107 si\u0119\u201d Katarzyna Czechowicz-Go\u0142aszewska zaprasza na logopedyczne\/neurologopedyczne turnusy stacjonarne. Program i grafik terapii uk\u0142adany jest w zale\u017cno\u015bci od potrzeb pacjenta. Wszystkie zaj\u0119cia prowadzone s\u0105 indywidualnie. Oferta skierowana jest dla pacjenta z r\u00f3\u017cnymi zaburzeniami &#8211; m.in.:<\/p>\n<ul style=\"text-align: justify;\">\n<li>uszko\u00addze\u00adniami CUN<\/li>\n<li>nie\u00adpe\u0142\u00adno\u00adspraw\u00adno\u015bci\u0105 ru\u00adcho\u00adw\u0105 i\u00a0in\u00adte\u00adlek\u00adtu\u00adal\u00adn\u0105<\/li>\n<li>m\u00f3zgowym pora\u017ceniem dzieci\u0119cym<\/li>\n<li>ca\u0142o\u015bciowymi zaburzeniami rozwoju w tym z au\u00adtyzmem<\/li>\n<li>ze\u00adspo\u0142em Asper\u00adge\u00adra<\/li>\n<li>ADHD<\/li>\n<li>ze\u00adspo\u00ad\u0142ami ge\u00adne\u00adtycz\u00adnymi<\/li>\n<li>niepe\u0142nosprawno\u015bciami sprz\u0119\u017conymi<\/li>\n<li>op\u00f3\u017a\u00adnie\u00adniem psy\u00adcho\u00adru\u00adcho\u00adwym<\/li>\n<li>dys\u00adlek\u00adsj\u0105<\/li>\n<li>dys\u00adprak\u00adsj\u0105<\/li>\n<li>trudno\u015bciami w czytaniu (bez diagnozy dysleksji)<\/li>\n<li>innymi.\u00a0<\/li>\n<\/ul>\n<p style=\"text-align: justify;\">Pacjent\u00f3w, kt\u00f3rzy nie uczestnicz\u0105 regularnie w zaj\u0119ciach logopedycznych\/neurologopedycznych obowi\u0105zuje udzia\u0142 w dw\u00f3ch konsultacjach przed rozpocz\u0119ciem turnusu (p\u0142atno\u015b\u0107 zgodnie z cennikiem). Rodzic zobowi\u0105zany jest do udzielenia pe\u0142nej informacji o stanie zdrowia i przebiegu dotychczasowej terapii uczestnika, przed\u0142o\u017cenia dokumentacji medycznej oraz wype\u0142nienia dokumentacji \/ formularzy niezb\u0119dnych do organizacji zaj\u0119\u0107.<\/p>\n<p style=\"text-align: justify;\">Organizator zastrzega sobie prawo odmowy zakwalifikowania dziecka na turnus, gdy uzna i\u017c nie jest w stanie zapewni\u0107 mu w\u0142a\u015bciwej formy terapii (po przeprowadzeniu konsultacji i zapoznaniu si\u0119 z dokumentacj\u0105).<\/p>\n<p style=\"text-align: justify;\"><strong>Czas tr\u00adwa\u00adnia<\/strong>: minimum 5\/6 dni (poniedzia\u0142ek \u2013 pi\u0105tek\/sobota), dni \u015bwi\u0105teczne, weekendy s\u0105 dniami wolnymi od zaj\u0119\u0107, chyba \u017ce oferta stanowi inaczej.\u00a0<\/p>\n<p style=\"text-align: justify;\"><strong>Koszty:<\/strong> turnus jest wyceniany w zale\u017cno\u015bci od ilo\u015bci godzin i czasu trwania (jednostka zaj\u0119\u0107 to 45 minut), rodzaju terapii. W ci\u0105gu 7 dni od zakwalifikowania dziecka na turnus nale\u017cy wp\u0142aci\u0107 zadatek (bezzwrotna kwota ustalana w zale\u017cno\u015bci od wyceny turnusu). Pozosta\u0142\u0105 cz\u0119\u015b\u0107 nale\u017cy wp\u0142aci\u0107 najp\u00f3\u017aniej 14 dni przed rozpocz\u0119ciem turnusu.<\/p>\n<p style=\"text-align: justify;\">Organizator nie zapewnia noclegu. Organizator nie zapewnia wy\u017cywienia (chyba, \u017ce strony, po podpisaniu stosownego, o\u015bwiadczenia postanowi\u0105 inaczej).\u00a0<\/p>\n<p style=\"text-align: justify;\">Turnusy s\u0105 op\u0142acane bezpo\u015brednio przez osob\u0119 zamawiaj\u0105c\u0105 (nie ma mo\u017cliwo\u015bci realizacji ze \u015brodk\u00f3w PEFRON, PCPR, inne).\u00a0<\/p>\n<table style=\"border-collapse: collapse; width: 105.625%; height: 719px;\" border=\"1\">\n<tbody>\n<tr style=\"height: 719px;\">\n<td style=\"width: 52.0441%; height: 719px;\">\n<p><strong>TERMINY W ROKU 2026*:<\/strong><\/p>\n<p>09.02.26 &#8211; 14.02.26 (zako\u0144czony)<\/p>\n<p>16.03.26 &#8211; 28.03.26 (zako\u0144czony)<\/p>\n<p>13.04.26 &#8211; 18.04.26 (anulowany)<\/p>\n<p>04.05.26 &#8211; 08.05.26 (rezerwacja)<\/p>\n<p>11.05.26 &#8211; 16.05.26 (rezerwacja)<\/p>\n<p>22.06.26 &#8211; 27.06.26 (rezerwacja)<\/p>\n<p>29.06.26 \u2013 04.07.26 (rezerwacja)<\/p>\n<p>06.07.26 &#8211; 18.07.26 (rezerwacja)<\/p>\n<p>17.08.26 &#8211; 22.08.26 (rezerwacja)<\/p>\n<p>24.08.26 &#8211; 29.08.26 (rezerwacja)<\/p>\n<p>21.09.26 &#8211; 26.09.26 (dost\u0119pny)<\/p>\n<p>23.11.26 &#8211; 28.11.26 (dost\u0119pny)<\/p>\n<p>30.11.26 &#8211; 05.12.26 (rezerwacja)<\/p>\n<p>14.12.26 &#8211; 19.12.26 (dost\u0119pny)<\/p>\n<\/td>\n<td style=\"width: 54.2452%; height: 719px;\">\n<p><strong>TERMINY W ROKU 2027*:<\/strong><\/p>\n<p>01.02.27 &#8211; 06.02.27 (dost\u0119pny)<\/p>\n<p>15.02.27 &#8211; 27.02.27 (dost\u0119pny)<\/p>\n<p>08.03.27 &#8211; 20.03.27 (dost\u0119pny)<\/p>\n<p>19.04.27 &#8211; 24.04.27 (dost\u0119pny)<\/p>\n<p>17.05.27 &#8211; 22.05.27 (dost\u0119pny)<\/p>\n<p>21.06.27 &#8211; 26.06.27 (dost\u0119pny)<\/p>\n<p>28.06.27 &#8211; 03.07.27 (dost\u0119pny)<\/p>\n<p>05.07.27 &#8211; 10.07.27 (dost\u0119pny)<\/p>\n<p>12.07.27 &#8211; 24.07.27 (dost\u0119pny)<\/p>\n<p>16.08.27 &#8211; 28.08.27 (dost\u0119pny)<\/p>\n<p>20.09.27 &#8211; 25.09.27 (dost\u0119pny)<\/p>\n<p>15.11.27 &#8211; 27.11.27 (dost\u0119pny)<\/p>\n<p>29.11.27 &#8211; 04.12.27 (dost\u0119pny)<\/p>\n<p>13.12.27 &#8211; 18.12.27 (dost\u0119pny)<\/p>\n<\/td>\n<\/tr>\n<\/tbody>\n<\/table>\n<p style=\"text-align: justify;\">* ORGANIZATOR ZASTRZEGA MO\u017bLIWO\u015a\u0106 DOKONYWNIA ZMIAN. PODANE TERMINY MOG\u0104 ZOSTA\u0106 ZAREZERWOWANE W RAMACH SESJI ELEKTROSTYMULACJI W WERSJI PODSTAWOWEJ LUB ROZSZERZONEJ. TURNUS ZAPLANOWANY JAKO DWUTYGODNIOWY MO\u017bE ZOSTA\u0106 PODZIELONY NA DWA JEDNOTYGODNIOWE.\u00a0<\/p>\n<p style=\"text-align: justify;\"><strong>Nadrz\u0119dnym celem zaj\u0119\u0107 jest ocena i wsparcie umiej\u0119tno\u015bci komunikacyjnych i artykulacyjnych w szeroko poj\u0119tym zakresie (z uwzgl\u0119dnieniem aspekt\u00f3w medycznych, z uwzgl\u0119dnieniem aspektu wdro\u017cenia lub modyfikacji istniej\u0105cego ju\u017c systemu AAC oraz wykorzystywanych strategii).<\/strong><\/p>\n<p style=\"text-align: justify;\"><strong>Podczas turnusu uczestnicy korzystaj\u0105 z terapii (m.in.):<\/strong><\/p>\n<ul style=\"text-align: justify;\">\n<li>\u00a0logopedycznej \/ neurologopedycznej<\/li>\n<li>\u00a0masa\u017cu logopedycznego<\/li>\n<li>\u00a0elektrostymulacji (VITAL STIM, MULTITRONIC MT3, ECO STIM)<\/li>\n<li>\u00a0kinesiotapingu<\/li>\n<li>PNF w logopedii<\/li>\n<li>terapii neuropoznawczej z wykorzystaniem C-EYE\/ C-EYE X\u00a0<\/li>\n<li>\u00a0stymulacji funkcji pokarmowych\/ treningu jedzenia<\/li>\n<li>\u00a0zaj\u0119\u0107 polisensorycznych stymuluj\u0105cych zmys\u0142y<\/li>\n<li>\u00a0zaj\u0119\u0107 z elementami Metody Knilla<\/li>\n<li>\u00a0zaj\u0119\u0107 prowadzonych metod\u0105 werbo-tonaln\u0105<\/li>\n<li>\u00a0jogi dla dzieci<\/li>\n<li>zaj\u0119\u0107 ruchowych z elementami logorytmiki<\/li>\n<li>zaj\u0119\u0107 z u\u017cyciem s\u0142uchawek For Brain<\/li>\n<li>zaj\u0119\u0107 z psem<\/li>\n<li>zaj\u0119\u0107 edukacyjne<\/li>\n<li>zaj\u0119\u0107 wspomagaj\u0105cych umiej\u0119tno\u015b\u0107 czytania i pisania<\/li>\n<li>zaj\u0119\u0107 wspomagaj\u0105cych koncentracj\u0119<\/li>\n<li>zaj\u0119\u0107 wspomagaj\u0105cych wychowanie s\u0142uchowe<\/li>\n<\/ul>\n<p style=\"text-align: justify;\">Ww. zaj\u0119cia s\u0105 realizowane w oparciu o AAC, je\u015bli jest ku temu wskazanie. Dob\u00f3r oprogramowania, pomocy AAC z zakresu technologii niskiej i wysokiej jest indywidualny.<\/p>\n<p><img loading=\"lazy\" decoding=\"async\" class=\"size-medium wp-image-1798 aligncenter\" src=\"https:\/\/cltdogadacsie.pl\/wp-content\/uploads\/2022\/04\/IMG_20211213_173717-300x225.jpg\" alt=\"\" width=\"300\" height=\"225\" srcset=\"https:\/\/cltdogadacsie.pl\/wp-content\/uploads\/2022\/04\/IMG_20211213_173717-300x225.jpg 300w, https:\/\/cltdogadacsie.pl\/wp-content\/uploads\/2022\/04\/IMG_20211213_173717-1024x768.jpg 1024w, https:\/\/cltdogadacsie.pl\/wp-content\/uploads\/2022\/04\/IMG_20211213_173717-768x576.jpg 768w, https:\/\/cltdogadacsie.pl\/wp-content\/uploads\/2022\/04\/IMG_20211213_173717-1536x1152.jpg 1536w, https:\/\/cltdogadacsie.pl\/wp-content\/uploads\/2022\/04\/IMG_20211213_173717-2048x1536.jpg 2048w\" sizes=\"auto, (max-width: 300px) 100vw, 300px\" \/><\/p>\n<p style=\"text-align: justify;\">W czasie trwania turnusu rodzic na bie\u017c\u0105co jest informowany o przebiegu zaj\u0119\u0107, mo\u017ce korzysta\u0107 z indywidualnych konsultacji dotycz\u0105cych przebiegu terapii w um\u00f3wionym terminie (przypisanych do turnusu wliczonych w cen\u0119 lub dodatkowych &#8211;\u00a0 p\u0142atnych)<\/p>\n<p style=\"text-align: justify;\">Po zako\u0144czonych zaj\u0119ciach rodzic otrzymuje pisemn\u0105 informacj\u0119 o przebiegu terapii oraz zalecenia poturnusowe.\u00a0<\/p>\n<p style=\"text-align: justify;\">Osoby zainteresowane udzia\u0142em proszone s\u0105 o przes\u0142anie drog\u0105 mailow\u0105 informacji o ch\u0119ci udzia\u0142u w turnusie. W mailu zwrotnym otrzymuj\u0105 stosowne informacje.<\/p>\n<p style=\"text-align: justify;\">Szczeg\u00f3\u0142owe informacje znajduj\u0105 si\u0119 w zak\u0142adce Regulamin\/ Indywidualny turnus logopedyczny\/neurologopedyczny.<\/p>\n<p style=\"text-align: justify;\">W przypadku pyta\u0144 prosz\u0119 o kontakt:<\/p>\n<p style=\"text-align: justify;\">Katarzyna Czechowicz-Go\u0142aszewska<\/p>\n<p style=\"text-align: justify;\">tel.:\u00a0\u00a0\u00a0\u00a0 698\u00a0614\u00a0521<\/p>\n<p style=\"text-align: justify;\">mail:\u00a0\u00a0 kczechowicz@gmail.com<\/p>\n<p>aktualizacja: 11.04.2026 r.\u00a0<\/p>\n<p style=\"text-align: justify;\">\u00a0<\/p>\n","protected":false},"excerpt":{"rendered":"<p>Turnusy stacjonarny indywidualny \u2013 informacje og\u00f3lne Centrum Logopedyczno-Terapeutyczne \u201eDogada\u0107 si\u0119\u201d Katarzyna Czechowicz-Go\u0142aszewska zaprasza na logopedyczne\/neurologopedyczne turnusy stacjonarne. Program i grafik terapii uk\u0142adany jest w zale\u017cno\u015bci od potrzeb pacjenta. Wszystkie zaj\u0119cia prowadzone s\u0105 indywidualnie. Oferta skierowana jest dla pacjenta z r\u00f3\u017cnymi &hellip; <a href=\"https:\/\/cltdogadacsie.pl\/?page_id=609\">Czytaj dalej <span class=\"meta-nav\">&rarr;<\/span><\/a><\/p>\n","protected":false},"author":2,"featured_media":0,"parent":0,"menu_order":0,"comment_status":"closed","ping_status":"closed","template":"","meta":{"sfsi_plus_gutenberg_text_before_share":"","sfsi_plus_gutenberg_show_text_before_share":"","sfsi_plus_gutenberg_icon_type":"","sfsi_plus_gutenberg_icon_alignemt":"","sfsi_plus_gutenburg_max_per_row":"","footnotes":""},"class_list":["post-609","page","type-page","status-publish","hentry"],"_links":{"self":[{"href":"https:\/\/cltdogadacsie.pl\/index.php?rest_route=\/wp\/v2\/pages\/609","targetHints":{"allow":["GET"]}}],"collection":[{"href":"https:\/\/cltdogadacsie.pl\/index.php?rest_route=\/wp\/v2\/pages"}],"about":[{"href":"https:\/\/cltdogadacsie.pl\/index.php?rest_route=\/wp\/v2\/types\/page"}],"author":[{"embeddable":true,"href":"https:\/\/cltdogadacsie.pl\/index.php?rest_route=\/wp\/v2\/users\/2"}],"replies":[{"embeddable":true,"href":"https:\/\/cltdogadacsie.pl\/index.php?rest_route=%2Fwp%2Fv2%2Fcomments&post=609"}],"version-history":[{"count":119,"href":"https:\/\/cltdogadacsie.pl\/index.php?rest_route=\/wp\/v2\/pages\/609\/revisions"}],"predecessor-version":[{"id":759,"href":"https:\/\/cltdogadacsie.pl\/index.php?rest_route=\/wp\/v2\/pages\/609\/revisions\/759"}],"wp:attachment":[{"href":"https:\/\/cltdogadacsie.pl\/index.php?rest_route=%2Fwp%2Fv2%2Fmedia&parent=609"}],"curies":[{"name":"wp","href":"https:\/\/api.w.org\/{rel}","templated":true}]}}