{"id":638,"date":"2018-10-30T15:13:33","date_gmt":"2018-10-30T15:13:33","guid":{"rendered":"http:\/\/cltdogadacsie.pl\/?page_id=638"},"modified":"2018-10-30T15:16:04","modified_gmt":"2018-10-30T15:16:04","slug":"wspolpraca","status":"publish","type":"page","link":"https:\/\/cltdogadacsie.pl\/?page_id=638","title":{"rendered":"Wsp\u00f3\u0142praca"},"content":{"rendered":"<p>Osoby zainteresowane podj\u0119ciem wsp\u00f3\u0142pracy z Centrum Logopedyczno-Terapeutycznym &#8222;Dogada\u0107 si\u0119&#8221; proszone s\u0105 o kontakt telefoniczny lub mailowy.<\/p>\n","protected":false},"excerpt":{"rendered":"<p>Osoby zainteresowane podj\u0119ciem wsp\u00f3\u0142pracy z Centrum Logopedyczno-Terapeutycznym &#8222;Dogada\u0107 si\u0119&#8221; proszone s\u0105 o kontakt telefoniczny lub mailowy.<\/p>\n","protected":false},"author":2,"featured_media":0,"parent":0,"menu_order":0,"comment_status":"closed","ping_status":"closed","template":"","meta":{"sfsi_plus_gutenberg_text_before_share":"","sfsi_plus_gutenberg_show_text_before_share":"","sfsi_plus_gutenberg_icon_type":"","sfsi_plus_gutenberg_icon_alignemt":"","sfsi_plus_gutenburg_max_per_row":"","footnotes":""},"class_list":["post-638","page","type-page","status-publish","hentry"],"_links":{"self":[{"href":"https:\/\/cltdogadacsie.pl\/index.php?rest_route=\/wp\/v2\/pages\/638","targetHints":{"allow":["GET"]}}],"collection":[{"href":"https:\/\/cltdogadacsie.pl\/index.php?rest_route=\/wp\/v2\/pages"}],"about":[{"href":"https:\/\/cltdogadacsie.pl\/index.php?rest_route=\/wp\/v2\/types\/page"}],"author":[{"embeddable":true,"href":"https:\/\/cltdogadacsie.pl\/index.php?rest_route=\/wp\/v2\/users\/2"}],"replies":[{"embeddable":true,"href":"https:\/\/cltdogadacsie.pl\/index.php?rest_route=%2Fwp%2Fv2%2Fcomments&post=638"}],"version-history":[{"count":3,"href":"https:\/\/cltdogadacsie.pl\/index.php?rest_route=\/wp\/v2\/pages\/638\/revisions"}],"predecessor-version":[{"id":644,"href":"https:\/\/cltdogadacsie.pl\/index.php?rest_route=\/wp\/v2\/pages\/638\/revisions\/644"}],"wp:attachment":[{"href":"https:\/\/cltdogadacsie.pl\/index.php?rest_route=%2Fwp%2Fv2%2Fmedia&parent=638"}],"curies":[{"name":"wp","href":"https:\/\/api.w.org\/{rel}","templated":true}]}}