{"id":72,"date":"2018-08-13T10:19:32","date_gmt":"2018-08-13T10:19:32","guid":{"rendered":"http:\/\/cltdogadacsie.pl\/?page_id=72"},"modified":"2018-08-17T19:45:05","modified_gmt":"2018-08-17T19:45:05","slug":"o-nas","status":"publish","type":"page","link":"https:\/\/cltdogadacsie.pl\/?page_id=72","title":{"rendered":"O nas"},"content":{"rendered":"<p>Zesp\u00f3\u0142 tworz\u0105 ludzie (i nie tylko) z pasj\u0105 &#8211; otwarci na \u015bwiat, zaanga\u017cowani, z baga\u017cem przer\u00f3\u017cnych do\u015bwiadcze\u0144, dzi\u0119ki czemu jeste\u015bmy w stanie wiele zrozumie\u0107. Jeste\u015bmy r\u00f3\u017cni, i dzi\u0119ki temu uzupe\u0142niamy si\u0119 nawzajem. Je\u015bli chcesz do nas do\u0142\u0105czy\u0107 &#8211; napisz.\u00a0<\/p>\n","protected":false},"excerpt":{"rendered":"<p>Zesp\u00f3\u0142 tworz\u0105 ludzie (i nie tylko) z pasj\u0105 &#8211; otwarci na \u015bwiat, zaanga\u017cowani, z baga\u017cem przer\u00f3\u017cnych do\u015bwiadcze\u0144, dzi\u0119ki czemu jeste\u015bmy w stanie wiele zrozumie\u0107. Jeste\u015bmy r\u00f3\u017cni, i dzi\u0119ki temu uzupe\u0142niamy si\u0119 nawzajem. Je\u015bli chcesz do nas do\u0142\u0105czy\u0107 &#8211; napisz.\u00a0<\/p>\n","protected":false},"author":2,"featured_media":0,"parent":0,"menu_order":0,"comment_status":"closed","ping_status":"closed","template":"","meta":{"sfsi_plus_gutenberg_text_before_share":"","sfsi_plus_gutenberg_show_text_before_share":"","sfsi_plus_gutenberg_icon_type":"","sfsi_plus_gutenberg_icon_alignemt":"","sfsi_plus_gutenburg_max_per_row":"","footnotes":""},"class_list":["post-72","page","type-page","status-publish","hentry"],"_links":{"self":[{"href":"https:\/\/cltdogadacsie.pl\/index.php?rest_route=\/wp\/v2\/pages\/72","targetHints":{"allow":["GET"]}}],"collection":[{"href":"https:\/\/cltdogadacsie.pl\/index.php?rest_route=\/wp\/v2\/pages"}],"about":[{"href":"https:\/\/cltdogadacsie.pl\/index.php?rest_route=\/wp\/v2\/types\/page"}],"author":[{"embeddable":true,"href":"https:\/\/cltdogadacsie.pl\/index.php?rest_route=\/wp\/v2\/users\/2"}],"replies":[{"embeddable":true,"href":"https:\/\/cltdogadacsie.pl\/index.php?rest_route=%2Fwp%2Fv2%2Fcomments&post=72"}],"version-history":[{"count":4,"href":"https:\/\/cltdogadacsie.pl\/index.php?rest_route=\/wp\/v2\/pages\/72\/revisions"}],"predecessor-version":[{"id":244,"href":"https:\/\/cltdogadacsie.pl\/index.php?rest_route=\/wp\/v2\/pages\/72\/revisions\/244"}],"wp:attachment":[{"href":"https:\/\/cltdogadacsie.pl\/index.php?rest_route=%2Fwp%2Fv2%2Fmedia&parent=72"}],"curies":[{"name":"wp","href":"https:\/\/api.w.org\/{rel}","templated":true}]}}