{"id":81,"date":"2018-08-13T10:33:47","date_gmt":"2018-08-13T10:33:47","guid":{"rendered":"http:\/\/cltdogadacsie.pl\/?page_id=81"},"modified":"2018-08-15T13:59:57","modified_gmt":"2018-08-15T13:59:57","slug":"strona-glowna","status":"publish","type":"page","link":"https:\/\/cltdogadacsie.pl\/?page_id=81","title":{"rendered":"Strona g\u0142\u00f3wna"},"content":{"rendered":"<p><img loading=\"lazy\" decoding=\"async\" class=\" wp-image-94 alignleft\" src=\"http:\/\/cltdogadacsie.pl\/wp-content\/uploads\/2018\/08\/IMG_3469-e1534233954308-200x300.jpg\" alt=\"\" width=\"203\" height=\"305\" srcset=\"https:\/\/cltdogadacsie.pl\/wp-content\/uploads\/2018\/08\/IMG_3469-e1534233954308-200x300.jpg 200w, https:\/\/cltdogadacsie.pl\/wp-content\/uploads\/2018\/08\/IMG_3469-e1534233954308-768x1152.jpg 768w, https:\/\/cltdogadacsie.pl\/wp-content\/uploads\/2018\/08\/IMG_3469-e1534233954308-683x1024.jpg 683w\" sizes=\"auto, (max-width: 203px) 100vw, 203px\" \/><\/p>\n<p style=\"text-align: justify;\"><strong>Centrum Logopedyczno-Terapeutyczne &#8222;Dogada\u0107 si\u0119&#8221;<\/strong> powsta\u0142o z my\u015bl\u0105 o wszystkich, kt\u00f3rym zale\u017cy na komunikacji ludzi z lud\u017ami i ludzi ze zwierz\u0119tami. Powsta\u0142o z my\u015bl\u0105 o tych, kt\u00f3rzy pomimo ogranicze\u0144 maj\u0105 bardzo du\u017co do opowiedzenia &#8211; niewa\u017cne w jaki spos\u00f3b &#8211; s\u0142owem, obrazem, gestem, napisem czy te\u017c szczekni\u0119ciem. Powsta\u0142o dla tych, kt\u00f3rzy marz\u0105, chc\u0105 uczy\u0107 si\u0119 siebie nawzajem, maj\u0105 otwarte umys\u0142y na niebanalne rozwi\u0105zania i s\u0105 gotowi, by zmienia\u0107 si\u0119 i rozwija\u0107, a s\u0142owo &#8222;musz\u0119&#8221; zamienili na &#8222;chc\u0119&#8221;&#8230;<\/p>\n","protected":false},"excerpt":{"rendered":"<p>Centrum Logopedyczno-Terapeutyczne &#8222;Dogada\u0107 si\u0119&#8221; powsta\u0142o z my\u015bl\u0105 o wszystkich, kt\u00f3rym zale\u017cy na komunikacji ludzi z lud\u017ami i ludzi ze zwierz\u0119tami. Powsta\u0142o z my\u015bl\u0105 o tych, kt\u00f3rzy pomimo ogranicze\u0144 maj\u0105 bardzo du\u017co do opowiedzenia &#8211; niewa\u017cne w jaki spos\u00f3b &#8211; s\u0142owem, &hellip; <a href=\"https:\/\/cltdogadacsie.pl\/?page_id=81\">Czytaj dalej <span class=\"meta-nav\">&rarr;<\/span><\/a><\/p>\n","protected":false},"author":2,"featured_media":0,"parent":75,"menu_order":0,"comment_status":"closed","ping_status":"closed","template":"","meta":{"sfsi_plus_gutenberg_text_before_share":"","sfsi_plus_gutenberg_show_text_before_share":"","sfsi_plus_gutenberg_icon_type":"","sfsi_plus_gutenberg_icon_alignemt":"","sfsi_plus_gutenburg_max_per_row":"","footnotes":""},"class_list":["post-81","page","type-page","status-publish","hentry"],"_links":{"self":[{"href":"https:\/\/cltdogadacsie.pl\/index.php?rest_route=\/wp\/v2\/pages\/81","targetHints":{"allow":["GET"]}}],"collection":[{"href":"https:\/\/cltdogadacsie.pl\/index.php?rest_route=\/wp\/v2\/pages"}],"about":[{"href":"https:\/\/cltdogadacsie.pl\/index.php?rest_route=\/wp\/v2\/types\/page"}],"author":[{"embeddable":true,"href":"https:\/\/cltdogadacsie.pl\/index.php?rest_route=\/wp\/v2\/users\/2"}],"replies":[{"embeddable":true,"href":"https:\/\/cltdogadacsie.pl\/index.php?rest_route=%2Fwp%2Fv2%2Fcomments&post=81"}],"version-history":[{"count":8,"href":"https:\/\/cltdogadacsie.pl\/index.php?rest_route=\/wp\/v2\/pages\/81\/revisions"}],"predecessor-version":[{"id":145,"href":"https:\/\/cltdogadacsie.pl\/index.php?rest_route=\/wp\/v2\/pages\/81\/revisions\/145"}],"up":[{"embeddable":true,"href":"https:\/\/cltdogadacsie.pl\/index.php?rest_route=\/wp\/v2\/pages\/75"}],"wp:attachment":[{"href":"https:\/\/cltdogadacsie.pl\/index.php?rest_route=%2Fwp%2Fv2%2Fmedia&parent=81"}],"curies":[{"name":"wp","href":"https:\/\/api.w.org\/{rel}","templated":true}]}}