{"id":943,"date":"2019-07-12T13:52:14","date_gmt":"2019-07-12T13:52:14","guid":{"rendered":"http:\/\/cltdogadacsie.pl\/?page_id=943"},"modified":"2023-06-18T15:49:17","modified_gmt":"2023-06-18T15:49:17","slug":"aac","status":"publish","type":"page","link":"https:\/\/cltdogadacsie.pl\/?page_id=943","title":{"rendered":"AAC"},"content":{"rendered":"<p><a href=\"https:\/\/cltdogadacsie.pl\/wp-content\/uploads\/2023\/06\/LATO-wybor.pdf\">LATO-wybor<\/a><\/p>\n<p><a href=\"http:\/\/cltdogadacsie.pl\/wp-content\/uploads\/2020\/01\/D\u017bUNGLA.pdf\">D\u017bUNGLA<\/a><\/p>\n<p><a href=\"http:\/\/cltdogadacsie.pl\/wp-content\/uploads\/2019\/10\/JESIE\u0143.pdf\">JESIE\u0143<\/a><\/p>\n<p><a href=\"http:\/\/cltdogadacsie.pl\/wp-content\/uploads\/2019\/10\/WIZYTA-U-STOMATOLOGA.pdf\">WIZYTA U STOMATOLOGA<\/a><\/p>\n<p><a href=\"http:\/\/cltdogadacsie.pl\/wp-content\/uploads\/2019\/08\/MA\u0141A-MYSZ.pdf\">MA\u0141A MYSZ<\/a><\/p>\n<p><a href=\"http:\/\/cltdogadacsie.pl\/wp-content\/uploads\/2019\/07\/JAD\u0118-NAD-MORZE.pdf\">JAD\u0118 NAD MORZE<\/a><\/p>\n<p><a href=\"http:\/\/cltdogadacsie.pl\/wp-content\/uploads\/2019\/07\/CO-MO\u017bNA-ROBI\u0106-W-WAKACJE.pdf\">CO MO\u017bNA ROBI\u0106 W WAKACJE<\/a><\/p>\n<p><a href=\"http:\/\/cltdogadacsie.pl\/wp-content\/uploads\/2019\/07\/M\u00d3J-DOM-CZYTANIE-AAC.pdf\">M\u00d3J DOM CZYTANIE AAC<\/a><\/p>\n","protected":false},"excerpt":{"rendered":"<p>LATO-wybor D\u017bUNGLA JESIE\u0143 WIZYTA U STOMATOLOGA MA\u0141A MYSZ JAD\u0118 NAD MORZE CO MO\u017bNA ROBI\u0106 W WAKACJE M\u00d3J DOM CZYTANIE AAC<\/p>\n","protected":false},"author":2,"featured_media":0,"parent":0,"menu_order":0,"comment_status":"closed","ping_status":"closed","template":"","meta":{"sfsi_plus_gutenberg_text_before_share":"","sfsi_plus_gutenberg_show_text_before_share":"","sfsi_plus_gutenberg_icon_type":"","sfsi_plus_gutenberg_icon_alignemt":"","sfsi_plus_gutenburg_max_per_row":"","footnotes":""},"class_list":["post-943","page","type-page","status-publish","hentry"],"_links":{"self":[{"href":"https:\/\/cltdogadacsie.pl\/index.php?rest_route=\/wp\/v2\/pages\/943","targetHints":{"allow":["GET"]}}],"collection":[{"href":"https:\/\/cltdogadacsie.pl\/index.php?rest_route=\/wp\/v2\/pages"}],"about":[{"href":"https:\/\/cltdogadacsie.pl\/index.php?rest_route=\/wp\/v2\/types\/page"}],"author":[{"embeddable":true,"href":"https:\/\/cltdogadacsie.pl\/index.php?rest_route=\/wp\/v2\/users\/2"}],"replies":[{"embeddable":true,"href":"https:\/\/cltdogadacsie.pl\/index.php?rest_route=%2Fwp%2Fv2%2Fcomments&post=943"}],"version-history":[{"count":10,"href":"https:\/\/cltdogadacsie.pl\/index.php?rest_route=\/wp\/v2\/pages\/943\/revisions"}],"predecessor-version":[{"id":2145,"href":"https:\/\/cltdogadacsie.pl\/index.php?rest_route=\/wp\/v2\/pages\/943\/revisions\/2145"}],"wp:attachment":[{"href":"https:\/\/cltdogadacsie.pl\/index.php?rest_route=%2Fwp%2Fv2%2Fmedia&parent=943"}],"curies":[{"name":"wp","href":"https:\/\/api.w.org\/{rel}","templated":true}]}}